{"id":7024,"date":"2017-11-13T09:47:35","date_gmt":"2017-11-13T09:47:35","guid":{"rendered":"http:\/\/www.theanchorage.es\/?page_id=7024"},"modified":"2024-04-11T09:57:31","modified_gmt":"2024-04-11T09:57:31","slug":"politica-de-privacidad","status":"publish","type":"page","link":"https:\/\/www.theanchorage.es\/es\/politica-de-privacidad\/","title":{"rendered":"Pol\u00edtica de privacidad"},"content":{"rendered":"<div class=\"wpb-content-wrapper\"><p>[vc_row full_width=\u00bbstretch_row\u00bb][vc_column width=\u00bb1\/12&#8243;][\/vc_column][vc_column width=\u00bb5\/6&#8243;][vc_column_text]<\/p>\n<p style=\"text-align: justify;\">En cumplimiento de lo dispuesto en la Ley Org\u00e1nica 15\/1999, de 13 de Diciembre, de Protecci\u00f3n de Datos de Car\u00e1cter Personal (en adelante LOPD) y la Ley 34\/2002 la comunidad de propietarios ANCHORAGE desea poner en conocimiento de los propietarios, empleados, clientes y grupos de inter\u00e9s la pol\u00edtica respecto del tratamiento y protecci\u00f3n de los datos de car\u00e1cter personal de aquellas personas que voluntariamente utilizan el correo electr\u00f3nico u otro medio para ponerse en contacto con comunidad de propietarios ANCHORAGE.<\/p>\n<p style=\"text-align: justify;\">La comunidad de propietarios ANCHORAGE informa al usuario del sitio web, que en esta pol\u00edtica de privacidad se contienen todos los aspectos relacionados con el tratamiento de datos personales que comunidad de propietarios ANCHORAGE lleva a cabo como responsable del mismo a trav\u00e9s del sitio web de ANCHORAGE el usuario \u2013tras la lectura del presente documento- contin\u00faa utilizando los servicios, estar\u00e1 manifestando su aceptaci\u00f3n expresa de esta pol\u00edtica de privacidad y tratamiento de datos personales y la Ley 34 2002 de 11 de Julio (Ley de la Sociedad de los Servicios de la Informaci\u00f3n y Comercio Electr\u00f3nico LSSI-CE).<\/p>\n<p style=\"text-align: justify;\">La comunidad de propietarios ANCHORAGE advierte al usuario que esta entidad s\u00f3lo es responsable y garantiza la confidencialidad, seguridad y tratamiento de los datos conforme a la presente pol\u00edtica, respecto de los datos de car\u00e1cter personal que recoja del usuario a trav\u00e9s del Sitio web www.theanchorage.es no teniendo ning\u00fan tipo de responsabilidad respecto de los tratamientos y posteriores utilizaciones de los datos personales que pudieran efectuarse por terceros prestadores de Servicios de la Sociedad de la Informaci\u00f3n y Comercio Electr\u00f3nico (LSSI-CE) que pudiesen acceder a tales datos en raz\u00f3n de la prestaci\u00f3n de sus servicios o ejercicio de su actividad.<\/p>\n<p style=\"text-align: justify;\">La comunidad de propietarios ANCHORAGE informa al usuario que, de conformidad con lo dispuesto en la LOPD y en su R.D. 1720\/2007 donde se contempla el Reglamento de Medidas de Seguridad (R.M.S.), ha implantado las medidas de seguridad necesarias con relaci\u00f3n al tratamiento de los datos personales que est\u00e1n bajo su responsabilidad.<\/p>\n<p style=\"text-align: justify;\">La comunidad de propietarios ANCHORAGE se ha adaptado a la L.O. 15\/99 y R.D. 172072007 y pone a disposici\u00f3n de todos los usuarios del Sitio web, propietarios, clientes, empleados y grupos de inter\u00e9s que hayan proporcionado sus datos personales que pueden ejercer los derechos A.R.C.O. enviando un email a: anchorage@theanchorage.es<\/p>\n<p style=\"text-align: justify;\">La comunidad de propietarios ANCHORAGE utilizar\u00e1 los datos personales que obran en su poder, y de los cuales es responsable, para realizar las mejores pr\u00e1cticas comerciales de acuerdo a la normativa vigente que contempla la Ley 34 2002 de 11 de Julio (Ley de la Sociedad de los Servicios de la Informaci\u00f3n y Comercio Electr\u00f3nico LSSI-CE).<\/p>\n<p style=\"text-align: right;\">Madrid, 2 de Noviembre de 2017<\/p>\n<p>[\/vc_column_text][\/vc_column][vc_column width=\u00bb1\/12&#8243;][\/vc_column][\/vc_row]<\/p>\n<div style=\"margin: 20px 0;\"><div class=\"qrcswholewtapper\" style=\"text-align:left;\"><div class=\"qrcprowrapper\"  id=\"qrcwraa2leds\"><div class=\"qrc_canvass\" id=\"qrc_cuttenpages_2\" style=\"display:none\" data-text=\"https:\/\/www.theanchorage.es\/es\/politica-de-privacidad\/\"><\/div><\/div><\/div><\/div><\/div>","protected":false},"excerpt":{"rendered":"<p>[vc_row full_width=\u00bbstretch_row\u00bb][vc_column width=\u00bb1\/12&#8243;][\/vc_column][vc_column width=\u00bb5\/6&#8243;][vc_column_text] En cumplimiento de lo dispuesto en la Ley Org\u00e1nica 15\/1999, de 13 de Diciembre, de Protecci\u00f3n&#8230;<\/p>\n","protected":false},"author":1,"featured_media":0,"parent":0,"menu_order":11,"comment_status":"closed","ping_status":"closed","template":"","meta":{"_joinchat":[],"footnotes":"","_links_to":"","_links_to_target":""},"class_list":["post-7024","page","type-page","status-publish"],"_links":{"self":[{"href":"https:\/\/www.theanchorage.es\/es\/wp-json\/wp\/v2\/pages\/7024","targetHints":{"allow":["GET"]}}],"collection":[{"href":"https:\/\/www.theanchorage.es\/es\/wp-json\/wp\/v2\/pages"}],"about":[{"href":"https:\/\/www.theanchorage.es\/es\/wp-json\/wp\/v2\/types\/page"}],"author":[{"embeddable":true,"href":"https:\/\/www.theanchorage.es\/es\/wp-json\/wp\/v2\/users\/1"}],"replies":[{"embeddable":true,"href":"https:\/\/www.theanchorage.es\/es\/wp-json\/wp\/v2\/comments?post=7024"}],"version-history":[{"count":0,"href":"https:\/\/www.theanchorage.es\/es\/wp-json\/wp\/v2\/pages\/7024\/revisions"}],"wp:attachment":[{"href":"https:\/\/www.theanchorage.es\/es\/wp-json\/wp\/v2\/media?parent=7024"}],"curies":[{"name":"wp","href":"https:\/\/api.w.org\/{rel}","templated":true}]}}