{"id":2928,"date":"2014-03-26T10:03:38","date_gmt":"2014-03-26T10:03:38","guid":{"rendered":"http:\/\/www.theanchorage.es\/?page_id=2928"},"modified":"2026-02-12T13:09:05","modified_gmt":"2026-02-12T13:09:05","slug":"inicio","status":"publish","type":"page","link":"https:\/\/www.theanchorage.es\/es\/","title":{"rendered":"Inicio"},"content":{"rendered":"<div class=\"wpb-content-wrapper\"><p>[vc_row full_width=\u00bbstretch_row_content\u00bb full_height=\u00bbyes\u00bb disable_custom_paddings_tablet=\u00bbtrue\u00bb disable_custom_paddings_mobile=\u00bbtrue\u00bb css=\u00bb.vc_custom_1610137528043{margin-top: -150px !important;margin-bottom: -100px !important;}\u00bb el_id=\u00bbWellcome\u00bb][vc_column]\n\t\t\t<!-- START home esp REVOLUTION SLIDER 6.7.40 --><p class=\"rs-p-wp-fix\"><\/p>\n\t\t\t<rs-module-wrap id=\"rev_slider_21_1_wrapper\" data-source=\"gallery\" style=\"visibility:hidden;background:transparent;padding:0;\">\n\t\t\t\t<rs-module id=\"rev_slider_21_1\" style=\"\" data-version=\"6.7.40\">\n\t\t\t\t\t<rs-slides style=\"overflow: hidden; position: absolute;\">\n\t\t\t\t\t\t<rs-slide style=\"position: absolute;\" data-key=\"rs-62\" data-title=\"Slide\" data-anim=\"adpr:false;\" data-in=\"o:0;\" data-out=\"a:false;\">\n\t\t\t\t\t\t\t<img src=\"\/\/www.theanchorage.es\/wp-content\/plugins\/revslider\/sr6\/assets\/assets\/dummy.png\" alt=\"\" title=\"Inicio\" class=\"rev-slidebg tp-rs-img rs-lazyload\" data-lazyload=\"\/\/www.theanchorage.es\/wp-content\/plugins\/revslider\/sr6\/assets\/assets\/transparent.png\" data-no-retina>\n\t\t\t\t\t\t\t<rs-bgvideo \n\t\t\t\t\t\t\t\tdata-video=\"w:100%;h:100%;ar:4:3;nse:false;l:false;ptimer:false;vfc:true;\"\n\t\t\t\t\t\t\t\tdata-mp4=\"\/\/www.theanchorage.es\/wp-content\/uploads\/2021\/01\/The-Anchorage.mp4\"\n\t\t\t\t\t\t\t><\/rs-bgvideo>\n<!--\n\t\t\t\t\t\t\t--><rs-layer\n\t\t\t\t\t\t\t\tid=\"slider-21-slide-62-layer-0\" \n\t\t\t\t\t\t\t\tdata-type=\"image\"\n\t\t\t\t\t\t\t\tdata-rsp_ch=\"on\"\n\t\t\t\t\t\t\t\tdata-xy=\"x:c;y:m;yo:-233px,-64px,-285px,-175px;\"\n\t\t\t\t\t\t\t\tdata-text=\"w:normal;s:20,10,7,4;l:0,12,9,6;\"\n\t\t\t\t\t\t\t\tdata-dim=\"w:[&#039;97px&#039;,&#039;97px&#039;,&#039;97px&#039;,&#039;97px&#039;];h:[&#039;131px&#039;,&#039;131px&#039;,&#039;131px&#039;,&#039;131px&#039;];\"\n\t\t\t\t\t\t\t\tdata-frame_0=\"y:-50,-25,-18,-11;\"\n\t\t\t\t\t\t\t\tdata-frame_1=\"st:1000;sp:1000;sR:1000;\"\n\t\t\t\t\t\t\t\tdata-frame_999=\"o:0;st:w;sR:7000;\"\n\t\t\t\t\t\t\t\tstyle=\"z-index:8;\"\n\t\t\t\t\t\t\t><img src=\"\/\/www.theanchorage.es\/wp-content\/plugins\/revslider\/sr6\/assets\/assets\/dummy.png\" alt=\"\" class=\"tp-rs-img rs-lazyload\" width=\"97\" height=\"131\" data-lazyload=\"\/\/www.theanchorage.es\/wp-content\/uploads\/2020\/09\/escudo.png\" data-no-retina> \n\t\t\t\t\t\t\t<\/rs-layer><!--\n\n\t\t\t\t\t\t\t--><rs-layer\n\t\t\t\t\t\t\t\tid=\"slider-21-slide-62-layer-1\" \n\t\t\t\t\t\t\t\tdata-type=\"text\"\n\t\t\t\t\t\t\t\tdata-color=\"#fff\"\n\t\t\t\t\t\t\t\tdata-rsp_ch=\"on\"\n\t\t\t\t\t\t\t\tdata-xy=\"x:c;xo:-1px,0,0,0;y:m;yo:-107px,35px,-155px,-81px;\"\n\t\t\t\t\t\t\t\tdata-text=\"w:normal;s:48,38,38,23;l:61,30,42,30;fw:300;a:center;\"\n\t\t\t\t\t\t\t\tdata-dim=\"w:auto,auto,669.117px,481.233px;minh:0px,none,none,none;\"\n\t\t\t\t\t\t\t\tdata-basealign=\"slide\"\n\t\t\t\t\t\t\t\tdata-frame_0=\"x:0,0,0,0px;y:0,0,0,0px;o:1;\"\n\t\t\t\t\t\t\t\tdata-frame_0_chars=\"d:5;x:105%;y:0,0,0,0px;o:1;rY:45deg;rZ:90deg;\"\n\t\t\t\t\t\t\t\tdata-frame_0_mask=\"u:t;x:0,0,0,0px;y:0,0,0,0px;\"\n\t\t\t\t\t\t\t\tdata-frame_1=\"x:0,0,0,0px;y:0,0,0,0px;st:1490;sp:1200;sR:1490;\"\n\t\t\t\t\t\t\t\tdata-frame_1_chars=\"e:power4.inOut;d:10;x:0,0,0,0px;y:0,0,0,0px;rZ:0deg;\"\n\t\t\t\t\t\t\t\tdata-frame_1_mask=\"u:t;x:0,0,0,0px;y:0,0,0,0px;\"\n\t\t\t\t\t\t\t\tdata-frame_999=\"o:0;st:w;sR:4010;\"\n\t\t\t\t\t\t\t\tstyle=\"z-index:9;font-family:'Montserrat';\"\n\t\t\t\t\t\t\t>BIENVENIDO A THE ANCHORAGE \n\t\t\t\t\t\t\t<\/rs-layer><!--\n\n\t\t\t\t\t\t\t--><rs-layer\n\t\t\t\t\t\t\t\tid=\"slider-21-slide-62-layer-2\" \n\t\t\t\t\t\t\t\tdata-type=\"text\"\n\t\t\t\t\t\t\t\tdata-rsp_ch=\"on\"\n\t\t\t\t\t\t\t\tdata-xy=\"x:c;xo:0,3px,0,0;y:m;yo:-36px,79px,-105px,-24px;\"\n\t\t\t\t\t\t\t\tdata-text=\"w:normal;s:27,20,20,15;l:30,15,11,24;a:left,left,center,center;\"\n\t\t\t\t\t\t\t\tdata-dim=\"w:auto,auto,auto,372px;\"\n\t\t\t\t\t\t\t\tdata-frame_0=\"x:0,0,0,0px;y:0,0,0,0px;\"\n\t\t\t\t\t\t\t\tdata-frame_1=\"x:0,0,0,0px;y:0,0,0,0px;e:power4.inOut;st:3400;sp:1500;sR:3400;\"\n\t\t\t\t\t\t\t\tdata-frame_999=\"o:0;st:w;sR:4100;\"\n\t\t\t\t\t\t\t\tstyle=\"z-index:10;font-family:'Roboto';\"\n\t\t\t\t\t\t\t>Encuentre un lugar id\u00edlico y tranquilo, a solo 10 minutos al oeste de Palma \n\t\t\t\t\t\t\t<\/rs-layer><!--\n\n\t\t\t\t\t\t\t--><rs-layer\n\t\t\t\t\t\t\t\tid=\"slider-21-slide-62-layer-3\" \n\t\t\t\t\t\t\t\tdata-type=\"text\"\n\t\t\t\t\t\t\t\tdata-rsp_ch=\"on\"\n\t\t\t\t\t\t\t\tdata-xy=\"x:c;yo:579px,656px,595px,579px;\"\n\t\t\t\t\t\t\t\tdata-text=\"w:normal;s:16;l:25,16,16,16;fw:300;a:center;\"\n\t\t\t\t\t\t\t\tdata-dim=\"w:auto,auto,auto,154px;\"\n\t\t\t\t\t\t\t\tdata-frame_1=\"e:power4.inOut;st:3420;sp:1500;sR:3420;\"\n\t\t\t\t\t\t\t\tdata-frame_999=\"o:0;st:w;sR:4080;\"\n\t\t\t\t\t\t\t\tstyle=\"z-index:12;font-family:'Roboto';\"\n\t\t\t\t\t\t\t>Desplazar hacia abajo<br \/>\n<i class=\"fa-arrow-down\"><\/i> \n\t\t\t\t\t\t\t<\/rs-layer><!--\n-->\t\t\t\t\t<\/rs-slide>\n\t\t\t\t\t<\/rs-slides>\n\t\t\t\t<\/rs-module>\n\t\t\t\t<script>\n\t\t\t\t\tsetREVStartSize({c: 'rev_slider_21_1',rl:[1240,1024,778,480],el:[1080,768,960,720],gw:[2048,1024,778,480],gh:[1080,768,960,720],type:'hero',justify:'',layout:'fullscreen',offsetContainer:'',offset:'',mh:\"0\"});if (window.RS_MODULES!==undefined && window.RS_MODULES.modules!==undefined && window.RS_MODULES.modules[\"revslider211\"]!==undefined) {window.RS_MODULES.modules[\"revslider211\"].once = false;window.revapi21 = undefined;if (window.RS_MODULES.checkMinimal!==undefined) window.RS_MODULES.checkMinimal()}\n\t\t\t\t<\/script>\n\t\t\t<\/rs-module-wrap>\n\t\t\t<!-- END REVOLUTION SLIDER -->\n[\/vc_column][\/vc_row][vc_row el_id=\u00bbPresentation\u00bb][vc_column width=\u00bb1\/12&#8243;][\/vc_column][vc_column width=\u00bb5\/6&#8243;]<div class=\"clearboth\"><\/div><style>#thegem-divider-69f47595ea472 {margin-top: 250px !important;}<\/style><div id=\"thegem-divider-69f47595ea472\" class=\"gem-divider  \" style=\"\" ><\/div>[vc_column_text]<\/p>\n<h3>THE ANCHORAGE<span class=\"light\">, <span class=\"tlid-translation translation\" lang=\"en\" tabindex=\"-1\"><span class=\"\" title=\"\">UN PEQUE\u00d1O PARA\u00cdSO<\/span><\/span><br \/>\n<\/span><\/h3>\n<p>[\/vc_column_text]<div class=\"clearboth\"><\/div><style>#thegem-divider-69f47595ea4b8 {margin-top: 30px !important;}<\/style><div id=\"thegem-divider-69f47595ea4b8\" class=\"gem-divider  \" style=\"\" ><\/div>[vc_column_text css=\u00bb\u00bb]Estoy encantado y me siento muy privilegiado por haber sido nombrado presidente del Anchorage. Esta exclusiva comunidad, exclusivamente para propietarios, se encuentra a poca distancia en coche de Palma, con f\u00e1cil acceso a los pueblos de la zona, Puerto Portals y las principales carreteras que conectan con muchas partes de Mallorca. Est\u00e1 situada junto a hermosas playas delante de la propiedad, que casi siempre ofrecen una vista de los numerosos y espectaculares barcos que fondean en la zona.<\/p>\n<p>The Anchorage se fund\u00f3 como un complejo de lujo en 1985 y ahora es una urbanizaci\u00f3n cosmopolita cuyos propietarios poseen viviendas individuales con dise\u00f1os \u00fanicos que, en conjunto, componen un lugar magn\u00edfico sin igual en Mallorca. Todas las propiedades est\u00e1n rodeadas de hermosos jardines que la comunidad se esfuerza por mantener, respetando el medio ambiente. Los propietarios visitan el complejo con frecuencia cada a\u00f1o, a menudo con sus familias y amigos; a algunos les gusta tanto que viven todo el a\u00f1o aqu\u00ed.<\/p>\n<p>Durante las \u00faltimas dos d\u00e9cadas, la zona comunitaria y el Anchorage Club se han mantenido en un nivel muy alto y se han mejorado continuamente. Las instalaciones incluyen ahora: un restaurante interior\/exterior y un bar\/restaurante en la playa; spa y salas de tratamiento, 5 piscinas comunitarias, incluida 1 climatizada; pista de tenis; amplio gimnasio; salas de juegos para ni\u00f1os peque\u00f1os y adolescentes; espacio de coworking totalmente equipado; zonas de descanso adecuadas para jugar a las cartas, socializar o simplemente pasar un rato tranquilo. Sigue siendo uno de los lugares m\u00e1s codiciados de Mallorca para quienes buscan comprar una propiedad de alta calidad dentro de un club exclusivo.<\/p>\n<p>Mi compa\u00f1ero Gerhard Eisenacher (vicepresidente del Anchorage) y yo estamos totalmente comprometidos con mantener la comunidad y las instalaciones al m\u00e1s alto nivel y garantizar que tengan un gran futuro.<\/p>\n<p><strong>Stewart Broome<br \/>\n<\/strong>Presidente<br \/>\n<img class=\"alignleft wp-image-45988\" src=\"https:\/\/www.theanchorage.es\/wp-content\/uploads\/2025\/09\/firma-presi-escalera-anchorage-470x250.png\" alt=\"\" width=\"150\" height=\"80\" srcset=\"https:\/\/www.theanchorage.es\/wp-content\/uploads\/2025\/09\/firma-presi-escalera-anchorage-470x250.png 470w, https:\/\/www.theanchorage.es\/wp-content\/uploads\/2025\/09\/firma-presi-escalera-anchorage-300x160.png 300w, https:\/\/www.theanchorage.es\/wp-content\/uploads\/2025\/09\/firma-presi-escalera-anchorage.png 650w\" sizes=\"(max-width: 150px) 100vw, 150px\" \/>[\/vc_column_text]<div class=\"clearboth\"><\/div><style>#thegem-divider-69f47595ea4f5 {margin-top: 150px !important;}<\/style><div id=\"thegem-divider-69f47595ea4f5\" class=\"gem-divider  \" style=\"\" ><\/div>[\/vc_column][vc_column width=\u00bb1\/12&#8243;][\/vc_column][\/vc_row]<\/p>\n<div style=\"margin: 20px 0;\"><div class=\"qrcswholewtapper\" style=\"text-align:left;\"><div class=\"qrcprowrapper\"  id=\"qrcwraa2leds\"><div class=\"qrc_canvass\" id=\"qrc_cuttenpages_2\" style=\"display:none\" data-text=\"https:\/\/www.theanchorage.es\/es\/\"><\/div><\/div><\/div><\/div><\/div>","protected":false},"excerpt":{"rendered":"<p>[vc_row full_width=\u00bbstretch_row_content\u00bb full_height=\u00bbyes\u00bb disable_custom_paddings_tablet=\u00bbtrue\u00bb disable_custom_paddings_mobile=\u00bbtrue\u00bb css=\u00bb.vc_custom_1610137528043{margin-top: -150px !important;margin-bottom: -100px !important;}\u00bb el_id=\u00bbWellcome\u00bb][vc_column][\/vc_column][\/vc_row][vc_row el_id=\u00bbPresentation\u00bb][vc_column width=\u00bb1\/12&#8243;][\/vc_column][vc_column width=\u00bb5\/6&#8243;][vc_column_text] THE ANCHORAGE, UN PEQUE\u00d1O PARA\u00cdSO [\/vc_column_text][vc_column_text&#8230;<\/p>\n","protected":false},"author":1,"featured_media":0,"parent":0,"menu_order":0,"comment_status":"closed","ping_status":"open","template":"","meta":{"_joinchat":[],"footnotes":"","_links_to":"","_links_to_target":""},"class_list":["post-2928","page","type-page","status-publish"],"_links":{"self":[{"href":"https:\/\/www.theanchorage.es\/es\/wp-json\/wp\/v2\/pages\/2928","targetHints":{"allow":["GET"]}}],"collection":[{"href":"https:\/\/www.theanchorage.es\/es\/wp-json\/wp\/v2\/pages"}],"about":[{"href":"https:\/\/www.theanchorage.es\/es\/wp-json\/wp\/v2\/types\/page"}],"author":[{"embeddable":true,"href":"https:\/\/www.theanchorage.es\/es\/wp-json\/wp\/v2\/users\/1"}],"replies":[{"embeddable":true,"href":"https:\/\/www.theanchorage.es\/es\/wp-json\/wp\/v2\/comments?post=2928"}],"version-history":[{"count":41,"href":"https:\/\/www.theanchorage.es\/es\/wp-json\/wp\/v2\/pages\/2928\/revisions"}],"predecessor-version":[{"id":46969,"href":"https:\/\/www.theanchorage.es\/es\/wp-json\/wp\/v2\/pages\/2928\/revisions\/46969"}],"wp:attachment":[{"href":"https:\/\/www.theanchorage.es\/es\/wp-json\/wp\/v2\/media?parent=2928"}],"curies":[{"name":"wp","href":"https:\/\/api.w.org\/{rel}","templated":true}]}}