{"id":17393,"date":"2021-01-21T20:50:32","date_gmt":"2021-01-21T20:50:32","guid":{"rendered":"https:\/\/www.theanchorage.es\/?page_id=17393"},"modified":"2024-05-08T07:10:00","modified_gmt":"2024-05-08T07:10:00","slug":"chat-de-la-comunidad-facebook","status":"publish","type":"page","link":"https:\/\/www.theanchorage.es\/es\/area-de-propietarios\/servicios-the-anchorage\/chat-de-la-comunidad-facebook\/","title":{"rendered":"Chat de la comunidad &#8211; Facebook"},"content":{"rendered":"<div class=\"wpb-content-wrapper\"><p>[vc_row el_id=\u00bbcontents\u00bb][vc_column width=\u00bb1\/12&#8243;][\/vc_column][vc_column width=\u00bb5\/6&#8243;]<div class=\"clearboth\"><\/div><style>#thegem-divider-69f48f638eda3 {margin-top: 130px !important;}<\/style><div id=\"thegem-divider-69f48f638eda3\" class=\"gem-divider  \" style=\"\" ><\/div>[vc_column_text]<\/p>\n<h3><span class=\"light\">Chat de la comunidad | <\/span>Facebook<\/h3>\n<p>[\/vc_column_text]<div class=\"clearboth\"><\/div><style>#thegem-divider-69f48f638edf7 {margin-top: 60px !important;}<\/style><div id=\"thegem-divider-69f48f638edf7\" class=\"gem-divider  \" style=\"\" ><\/div>[vc_column_text]El grupo de chat de la comunidad de Anchorage se ha creado para que lo utilicen \u00fanicamente los propietarios de The Anchorage. No dude en publicar cualquier art\u00edculo de inter\u00e9s, compartir fotos, intercambiar informaci\u00f3n, hacer preguntas, mantenerse en contacto o incluso vender un art\u00edculo.<\/p>\n<p>El objetivo del grupo es mejorar el esp\u00edritu comunitario de Anchorage y fomentar la comunicaci\u00f3n entre sus propietarios. Este grupo no est\u00e1 afiliado a ninguna otra organizaci\u00f3n y las opiniones expresadas en las publicaciones s\u00f3lo representa a quien las publica.<\/p>\n<p>Para solictar la uni\u00f3n al grupo, haga clic en el enlace a continuaci\u00f3n:[\/vc_column_text][vc_btn title=\u00bbCHAT DE FACEBOOK\u00bb color=\u00bbprimary\u00bb i_icon_fontawesome=\u00bbfab fa-facebook-f\u00bb add_icon=\u00bbtrue\u00bb link=\u00bburl:https%3A%2F%2Fwww.facebook.com%2Fgroups%2Ftheanchoragemallorca|title:Comunidad%20The%20Anchorage%20-%20Facebook|target:_blank|rel:nofollow\u00bb][\/vc_column][vc_column width=\u00bb1\/12&#8243;][\/vc_column][\/vc_row][vc_row][vc_column][vc_column_text]<button translate=\"no\" class=\"btg-button btg-button-6 btg-bottomLeft\" data-btnid=\"6\" data-url=\"https:\/\/www.theanchorage.es\/wp-content\/uploads\/2025\/07\/SReglamento-regimen-interior-Comunidad-aprobado-25abr2025.pdf\" data-action=\"link\" data-target=\"_self\">REGLAMENTO<span class=\"fas fa-exclamation-circle btg-icon \"><\/span><\/button>[\/vc_column_text][\/vc_column][\/vc_row]<\/p>\n<div style=\"margin: 20px 0;\"><div class=\"qrcswholewtapper\" style=\"text-align:left;\"><div class=\"qrcprowrapper\"  id=\"qrcwraa2leds\"><div class=\"qrc_canvass\" id=\"qrc_cuttenpages_2\" style=\"display:none\" data-text=\"https:\/\/www.theanchorage.es\/es\/area-de-propietarios\/servicios-the-anchorage\/chat-de-la-comunidad-facebook\/\"><\/div><\/div><\/div><\/div><\/div>","protected":false},"excerpt":{"rendered":"<p>[vc_row el_id=\u00bbcontents\u00bb][vc_column width=\u00bb1\/12&#8243;][\/vc_column][vc_column width=\u00bb5\/6&#8243;][vc_column_text] Chat de la comunidad | Facebook [\/vc_column_text][vc_column_text]El grupo de chat de la comunidad de Anchorage se&#8230;<\/p>\n","protected":false},"author":1,"featured_media":17394,"parent":13820,"menu_order":6,"comment_status":"closed","ping_status":"closed","template":"","meta":{"_joinchat":[],"footnotes":"","_links_to":"","_links_to_target":""},"class_list":["post-17393","page","type-page","status-publish","has-post-thumbnail"],"_links":{"self":[{"href":"https:\/\/www.theanchorage.es\/es\/wp-json\/wp\/v2\/pages\/17393","targetHints":{"allow":["GET"]}}],"collection":[{"href":"https:\/\/www.theanchorage.es\/es\/wp-json\/wp\/v2\/pages"}],"about":[{"href":"https:\/\/www.theanchorage.es\/es\/wp-json\/wp\/v2\/types\/page"}],"author":[{"embeddable":true,"href":"https:\/\/www.theanchorage.es\/es\/wp-json\/wp\/v2\/users\/1"}],"replies":[{"embeddable":true,"href":"https:\/\/www.theanchorage.es\/es\/wp-json\/wp\/v2\/comments?post=17393"}],"version-history":[{"count":1,"href":"https:\/\/www.theanchorage.es\/es\/wp-json\/wp\/v2\/pages\/17393\/revisions"}],"predecessor-version":[{"id":47232,"href":"https:\/\/www.theanchorage.es\/es\/wp-json\/wp\/v2\/pages\/17393\/revisions\/47232"}],"up":[{"embeddable":true,"href":"https:\/\/www.theanchorage.es\/es\/wp-json\/wp\/v2\/pages\/13820"}],"wp:featuredmedia":[{"embeddable":true,"href":"https:\/\/www.theanchorage.es\/es\/wp-json\/wp\/v2\/media\/17394"}],"wp:attachment":[{"href":"https:\/\/www.theanchorage.es\/es\/wp-json\/wp\/v2\/media?parent=17393"}],"curies":[{"name":"wp","href":"https:\/\/api.w.org\/{rel}","templated":true}]}}