{"id":15608,"date":"2020-11-18T12:20:28","date_gmt":"2020-11-18T12:20:28","guid":{"rendered":"https:\/\/www.theanchorage.es\/?page_id=15608"},"modified":"2026-04-30T10:16:52","modified_gmt":"2026-04-30T10:16:52","slug":"restaurante-y-bar-de-playa","status":"publish","type":"page","link":"https:\/\/www.theanchorage.es\/es\/area-de-propietarios\/servicios-the-anchorage\/restaurante-y-bar-de-playa\/","title":{"rendered":"Restaurante y Bar de playa"},"content":{"rendered":"<div class=\"wpb-content-wrapper\"><p>[vc_row el_id=\u00bbcontents\u00bb][vc_column width=\u00bb1\/12&#8243;][\/vc_column][vc_column width=\u00bb5\/6&#8243;]<div class=\"clearboth\"><\/div><style>#thegem-divider-69f48f962c411 {margin-top: 80px !important;}<\/style><div id=\"thegem-divider-69f48f962c411\" class=\"gem-divider  \" style=\"\" ><\/div>[vc_column_text css=\u00bb\u00bb]<\/p>\n<h3>RESTAURANTE Y BAR DE PLAYA <span class=\"light\">| THE ANCHORAGE<\/span><\/h3>\n<p>[\/vc_column_text]<div class=\"clearboth\"><\/div><style>#thegem-divider-69f48f962c4a7 {margin-top: 60px !important;}<\/style><div id=\"thegem-divider-69f48f962c4a7\" class=\"gem-divider  \" style=\"\" ><\/div>[vc_row_inner content_placement=\u00bbtop\u00bb css=\u00bb.vc_custom_1777540567706{margin-right: 0px !important;margin-left: 0px !important;}\u00bb][vc_column_inner][vc_single_image image=\u00bb47478&#8243; img_size=\u00bbmedium\u00bb alignment=\u00bbcenter\u00bb css=\u00bb.vc_custom_1777539404327{margin-top: 0px !important;margin-bottom: 0px !important;padding-top: 0px !important;padding-bottom: 0px !important;}\u00bb]<div class=\"clearboth\"><\/div><style>#thegem-divider-69f48f962c4ea {margin-top: 60px !important;}<\/style><div id=\"thegem-divider-69f48f962c4ea\" class=\"gem-divider  \" style=\"\" ><\/div>[\/vc_column_inner][vc_column_inner width=\u00bb1\/2&#8243;][vc_column_text css=\u00bb.vc_custom_1773918603393{margin-bottom: 0px !important;}\u00bb]<\/p>\n<p style=\"text-align: justify;\">El restaurante se encuentra en la terraza junto a la piscina Infinity y con vistas al brillante mar Mediterr\u00e1neo. Por la noche, las luces bailan a trav\u00e9s de los pinos bordeados de la orilla y la piscina se convierte en un lugar m\u00e1gico, creando un ambiente relajado en el que disfrutar de la cocina internacional informal.<\/p>\n<p style=\"text-align: justify;\">El restaurante est\u00e1 abierto para la comida y la cena, que se sirve en la terraza superior. Todos los d\u00edas hay platos especiales para agregar variedad al men\u00fa.<\/p>\n<p>[\/vc_column_text]<div class=\"clearboth\"><\/div><style>#thegem-divider-69f48f962c523 {margin-top: 32px !important;}<\/style><div id=\"thegem-divider-69f48f962c523\" class=\"gem-divider  \" style=\"\" ><\/div>[vc_column_text css=\u00bb\u00bb]<\/p>\n<h6>RESERVAS<\/h6>\n<p>[\/vc_column_text]<div class=\" gem-icon-with-title  gem-icon-with-title-icon-size-small\" ><div class=\"gem-icon-with-title-icon\"><div class=\"gem-icon gem-icon-pack-fontawesome gem-icon-size-small  gem-icon-shape-square gem-simple-icon \"  style=\"opacity: 1;\"><div class=\"gem-icon-inner\" style=\"\"><span class=\"gem-icon-half-1\" style=\"color: ;\"><span class=\"back-angle\">&#xf095;<\/span><\/span><span class=\"gem-icon-half-2\" style=\"\"><span class=\"back-angle\">&#xf095;<\/span><\/span><\/div><\/div><\/div><div class=\"gem-iconed-title\"><h6 style=\"\">+34 696 318 985<\/h6><\/div><\/div><div class=\" gem-icon-with-title  gem-icon-with-title-icon-size-small\" ><div class=\"gem-icon-with-title-icon\"><div class=\"gem-icon gem-icon-pack-fontawesome gem-icon-size-small  gem-icon-shape-square gem-simple-icon \"  style=\"opacity: 1;\"><div class=\"gem-icon-inner\" style=\"\"><span class=\"gem-icon-half-1\" style=\"color: ;\"><span class=\"back-angle\">&#xf003;<\/span><\/span><span class=\"gem-icon-half-2\" style=\"\"><span class=\"back-angle\">&#xf003;<\/span><\/span><\/div><\/div><\/div><div class=\"gem-iconed-title\"><h6 style=\"\">reservas@restaurantanchorage.es<\/h6><\/div><\/div><div class=\"clearboth\"><\/div><style>#thegem-divider-69f48f962c74f {margin-top: 32px !important;}<\/style><div id=\"thegem-divider-69f48f962c74f\" class=\"gem-divider  \" style=\"\" ><\/div>[\/vc_column_inner][vc_column_inner width=\u00bb1\/2&#8243;][vc_column_text css=\u00bb\u00bb]<\/p>\n<h6>HORARIO de mayo \/ <span class=\"light\">del 01 al 28<\/span><\/h6>\n<ul>\n<li><strong>Restaurante:<\/strong> 13:00\/15:30 y 19:00\/21:00<\/li>\n<li><strong>Bar:<\/strong> 12:00\/22:00<\/li>\n<li>Cerrado <strong>domingo<\/strong> y <strong>lunes<\/strong><\/li>\n<\/ul>\n<h6>apertura El Chiringuito \/\u00a0<span class=\"light\">29 de Mayo<\/span><\/h6>\n<ul>\n<li><strong>Desayuno<\/strong>: 9:00\/12:00<\/li>\n<li><strong>Comidas\/hamacas<\/strong> 12.00\/17:00<\/li>\n<li><strong>Tapas y snacks service en El Chiringuito<\/strong> 17:00\/22.00<\/li>\n<li><strong>Cenas Anchorage Restaurant by Schwaiger<\/strong> 19:00\/22:00<\/li>\n<\/ul>\n<p>[\/vc_column_text]<div class=\"clearboth\"><\/div><style>#thegem-divider-69f48f962c78a {margin-top: 32px !important;}<\/style><div id=\"thegem-divider-69f48f962c78a\" class=\"gem-divider  \" style=\"\" ><\/div>[\/vc_column_inner][vc_column_inner css=\u00bb.vc_custom_1777540555430{border-top-width: 1px !important;border-top-style: dotted !important;border-color: #000000 !important;}\u00bb][vc_column_text css=\u00bb\u00bb]<strong>Env\u00eda tus comentarios a<\/strong>: feedback@theanchorage.es[\/vc_column_text][\/vc_column_inner][\/vc_row_inner]<div class=\"clearboth\"><\/div><style>#thegem-divider-69f48f962c7bf {margin-top: 60px !important;}<\/style><div id=\"thegem-divider-69f48f962c7bf\" class=\"gem-divider  \" style=\"\" ><\/div>[vc_row_inner equal_height=\u00bbyes\u00bb content_placement=\u00bbmiddle\u00bb][vc_column_inner]<style type=\"text\/css\">.thegem-button-69f48f962c8965739 .gem-button {margin-top: 10px;margin-bottom: 10px;}@media (max-width: 992px) {.thegem-button-69f48f962c8965739 .gem-button {margin-top: 10px;margin-bottom: 10px;}}@media (max-width: 767px) {.thegem-button-69f48f962c8965739 .gem-button {margin-top: 10px;margin-bottom: 10px;}}.thegem-button-69f48f962c8965739 .gem-button svg {fill: #ffffff;}.thegem-button-69f48f962c8965739 .gem-button:hover svg {fill: #7b661a;}<\/style><div class=\"gem-button-container gem-button-position-fullwidth thegem-button-69f48f962c8965739    \"  ><a class=\"gem-button gem-button-size-medium gem-button-style-flat gem-button-text-weight-thin gem-button-icon-position-left\" data-ll-effect=\"drop-right-without-wrap\" style=\"border-radius: 0px;background-color: #7b661a;color: #ffffff;\" onmouseleave=\"this.style.backgroundColor='#7b661a';this.style.color='#ffffff';\" onmouseenter=\"this.style.backgroundColor='#182d56';this.style.color='#7b661a';\" href=\"https:\/\/www.theanchorage.es\/wp-content\/uploads\/2026\/03\/Carta-Menu-Anchorage-web.pdf\" target=\"_blank\"><i class=\"gem-print-icon gem-icon-pack-elegant \">&#xe101;<\/i>Ver Men\u00fa<\/a><\/div> [\/vc_column_inner][vc_column_inner width=\u00bb1\/2&#8243;]<style type=\"text\/css\">.thegem-button-69f48f962c9496721 .gem-button {margin-top: 10px;margin-bottom: 10px;}@media (max-width: 992px) {.thegem-button-69f48f962c9496721 .gem-button {margin-top: 10px;margin-bottom: 10px;}}@media (max-width: 767px) {.thegem-button-69f48f962c9496721 .gem-button {margin-top: 10px;margin-bottom: 10px;}}.thegem-button-69f48f962c9496721 .gem-button svg {fill: #ffffff;}.thegem-button-69f48f962c9496721 .gem-button:hover svg {fill: #7b661a;}<\/style><div class=\"gem-button-container gem-button-position-fullwidth thegem-button-69f48f962c9496721    \"  ><a class=\"gem-button gem-button-size-medium gem-button-style-flat gem-button-text-weight-thin gem-button-icon-position-left\" data-ll-effect=\"drop-right-without-wrap\" style=\"border-radius: 0px;background-color: #7b661a;color: #ffffff;\" onmouseleave=\"this.style.backgroundColor='#7b661a';this.style.color='#ffffff';\" onmouseenter=\"this.style.backgroundColor='#182d56';this.style.color='#7b661a';\" href=\"https:\/\/www.theanchorage.es\/wp-content\/uploads\/2026\/03\/Carta-POSTRE-Anchorage-Web.pdf\" target=\"_blank\"><i class=\"gem-print-icon gem-icon-pack-elegant \">&#xe101;<\/i>Ver Carta de Postres<\/a><\/div> <style type=\"text\/css\">.thegem-button-69f48f962c9e78662 .gem-button {margin-top: 10px;margin-bottom: 10px;}@media (max-width: 992px) {.thegem-button-69f48f962c9e78662 .gem-button {margin-top: 10px;margin-bottom: 10px;}}@media (max-width: 767px) {.thegem-button-69f48f962c9e78662 .gem-button {margin-top: 10px;margin-bottom: 10px;}}.thegem-button-69f48f962c9e78662 .gem-button svg {fill: #ffffff;}.thegem-button-69f48f962c9e78662 .gem-button:hover svg {fill: #7b661a;}<\/style><div class=\"gem-button-container gem-button-position-fullwidth thegem-button-69f48f962c9e78662    \"  ><a class=\"gem-button gem-button-size-medium gem-button-style-flat gem-button-text-weight-thin gem-button-icon-position-left\" data-ll-effect=\"drop-right-without-wrap\" style=\"border-radius: 0px;background-color: #7b661a;color: #ffffff;\" onmouseleave=\"this.style.backgroundColor='#7b661a';this.style.color='#ffffff';\" onmouseenter=\"this.style.backgroundColor='#182d56';this.style.color='#7b661a';\" href=\"https:\/\/www.theanchorage.es\/wp-content\/uploads\/2026\/04\/Carta-NINOS-Anchorage.pdf\" target=\"_blank\"><i class=\"gem-print-icon gem-icon-pack-elegant \">&#xe101;<\/i>Ver Carta de Ni\u00f1os<\/a><\/div> [\/vc_column_inner][vc_column_inner width=\u00bb1\/2&#8243;]<style type=\"text\/css\">.thegem-button-69f48f962ca996584 .gem-button {margin-top: 10px;margin-bottom: 10px;}@media (max-width: 992px) {.thegem-button-69f48f962ca996584 .gem-button {margin-top: 10px;margin-bottom: 10px;}}@media (max-width: 767px) {.thegem-button-69f48f962ca996584 .gem-button {margin-top: 10px;margin-bottom: 10px;}}.thegem-button-69f48f962ca996584 .gem-button svg {fill: #ffffff;}.thegem-button-69f48f962ca996584 .gem-button:hover svg {fill: #7b661a;}<\/style><div class=\"gem-button-container gem-button-position-fullwidth thegem-button-69f48f962ca996584    \"  ><a class=\"gem-button gem-button-size-medium gem-button-style-flat gem-button-text-weight-thin gem-button-icon-position-left\" data-ll-effect=\"drop-right-without-wrap\" style=\"border-radius: 0px;background-color: #7b661a;color: #ffffff;\" onmouseleave=\"this.style.backgroundColor='#7b661a';this.style.color='#ffffff';\" onmouseenter=\"this.style.backgroundColor='#182d56';this.style.color='#7b661a';\" href=\"https:\/\/www.theanchorage.es\/wp-content\/uploads\/2026\/03\/Carta-BEBIDAS-Anchorage-Web.pdf\" target=\"_blank\"><i class=\"gem-print-icon gem-icon-pack-elegant \">&#xe101;<\/i>Ver Carta de Bebidas<\/a><\/div> <style type=\"text\/css\">.thegem-button-69f48f962cb2d5676 .gem-button {margin-top: 10px;margin-bottom: 10px;}@media (max-width: 992px) {.thegem-button-69f48f962cb2d5676 .gem-button {margin-top: 10px;margin-bottom: 10px;}}@media (max-width: 767px) {.thegem-button-69f48f962cb2d5676 .gem-button {margin-top: 10px;margin-bottom: 10px;}}.thegem-button-69f48f962cb2d5676 .gem-button svg {fill: #ffffff;}.thegem-button-69f48f962cb2d5676 .gem-button:hover svg {fill: #7b661a;}<\/style><div class=\"gem-button-container gem-button-position-fullwidth thegem-button-69f48f962cb2d5676    \"  ><a class=\"gem-button gem-button-size-medium gem-button-style-flat gem-button-text-weight-thin gem-button-icon-position-left\" data-ll-effect=\"drop-right-without-wrap\" style=\"border-radius: 0px;background-color: #7b661a;color: #ffffff;\" onmouseleave=\"this.style.backgroundColor='#7b661a';this.style.color='#ffffff';\" onmouseenter=\"this.style.backgroundColor='#182d56';this.style.color='#7b661a';\" href=\"https:\/\/www.theanchorage.es\/wp-content\/uploads\/2026\/03\/Carta-VINOS-Anchorage-Web.pdf\" target=\"_blank\"><i class=\"gem-print-icon gem-icon-pack-elegant \">&#xe101;<\/i>Ver Carta de Vinos<\/a><\/div> [\/vc_column_inner][\/vc_row_inner]<div class=\"clearboth\"><\/div><style>#thegem-divider-69f48f962cb78 {margin-top: 40px !important;}<\/style><div id=\"thegem-divider-69f48f962cb78\" class=\"gem-divider  \" style=\"\" ><\/div>[\/vc_column][vc_column width=\u00bb1\/12&#8243;][\/vc_column][\/vc_row][vc_row full_width=\u00bbstretch_row\u00bb content_placement=\u00bbtop\u00bb css=\u00bb.vc_custom_1610969025817{margin-top: 0px !important;background-color: rgba(255,255,255,0.5) !important;*background-color: rgb(255,255,255) !important;}\u00bb][vc_column width=\u00bb1\/12&#8243;][\/vc_column][vc_column width=\u00bb5\/6&#8243;][vc_row_inner css=\u00bb.vc_custom_1610969149706{margin-top: -30px !important;margin-right: 0px !important;margin-left: 0px !important;padding-top: 10px !important;padding-right: 10px !important;padding-bottom: 15px !important;padding-left: 10px !important;background-color: #def0f5 !important;}\u00bb][vc_column_inner width=\u00bb1\/2&#8243;][vc_column_text]<\/p>\n<ul>\n<li>Se permite ropa de playa hasta las 5 p.m.<\/li>\n<li>Se solicita a los hu\u00e9spedes que salgan de la piscina antes de las 8:00 p. m.<\/li>\n<li>Por favor, tenga en cuenta a los propietarios con vistas a la piscina reduciendo los niveles de ruido despu\u00e9s de<br \/>\nlas 10:00 p.m.<\/li>\n<\/ul>\n<p>[\/vc_column_text][\/vc_column_inner][vc_column_inner width=\u00bb1\/2&#8243;][vc_column_text css=\u00bb\u00bb]<\/p>\n<ul>\n<li>No se permite fumar dentro del restaurante<\/li>\n<li>Abstente de usar las mesas del restaurante como oficina y evita las conversaciones telef\u00f3nicas ruidosas<\/li>\n<\/ul>\n<p>[\/vc_column_text][\/vc_column_inner][\/vc_row_inner][\/vc_column][vc_column width=\u00bb1\/12&#8243;][\/vc_column][\/vc_row][vc_row full_width=\u00bbstretch_row\u00bb content_placement=\u00bbtop\u00bb css=\u00bb.vc_custom_1610968413961{background-color: rgba(255,255,255,0.5) !important;*background-color: rgb(255,255,255) !important;}\u00bb][vc_column width=\u00bb1\/12&#8243;][\/vc_column][vc_column width=\u00bb5\/6&#8243;]<style>.gem-gallery-grid#style-69f48f962e25a .gallery-item { padding: calc(15px\/2) !important; }.gem-gallery-grid#style-69f48f962e25a .gallery-set { margin-top: calc(-15px\/2); margin-bottom: calc(-15px\/2); }.gem-gallery-grid#style-69f48f962e25a .not-fullwidth-block .gallery-set, .gem-gallery-grid#style-69f48f962e25a .not-fullwidth-block .portfolio-item-size-container { margin-left: calc(-15px\/2); margin-right: calc(-15px\/2); }.gem-gallery-grid#style-69f48f962e25a .fullwidth-block { padding-left: calc(15px\/2); padding-right: calc(15px\/2); }.gem-gallery-grid#style-69f48f962e25a .portfolio-filters { text-align: center }<\/style><div id=\"style-preloader-69f48f962e25a\" class=\"preloader save-space\"><div class=\"preloader-spin\"><\/div><\/div> <div class=\"gallery-preloader-wrapper\"> <div class=\"row\"> <div id=\"style-69f48f962e25a\" class=\"gem-gallery-grid col-lg-12 col-md-12 col-sm-12 gallery-style-metro hover-default loading-animation item-animation-move-up metro columns-3 columns-tablet-2 columns-mobile-1 without-padding metro-item-style-default \" data-hover=\"default\" data-uid=\"69f48f962e25a\" data-filter=\"[]\"> <div class=\"portfolio not-fullwidth-block \"> <ul class=\"gallery-set clearfix\" data-max-row-height=\"380\"> <li class=\"gallery-item gallery-0 col-xs-12 col-sm-6 col-md-4 item-animations-not-inited single-icon post-15608 page type-page status-publish has-post-thumbnail\" style=\"\"> <div class=\"wrap gem-wrapbox-style-default\"> <div class=\"overlay-wrap\"> <div class=\"image-wrap \"> <picture> <source srcset=\"https:\/\/www.theanchorage.es\/wp-content\/uploads\/2026\/01\/beach-bar-thegem-portfolio-metro.jpg 1x\" sizes=\"100vw\"> <img src=\"https:\/\/www.theanchorage.es\/wp-content\/uploads\/2026\/01\/beach-bar-thegem-portfolio-metro.jpg\" width=\"375\" height=\"500\" class=\"attachment-thegem-portfolio-metro\" alt=\"beach-bar\" \/> <\/picture> <\/div> <div class=\"overlay \"> <div class=\"overlay-circle\"><\/div> <a href=\"https:\/\/www.theanchorage.es\/wp-content\/uploads\/2026\/01\/beach-bar.jpg\" class=\"gallery-item-link fancy-gallery\" data-fancybox=\"gallery-69f48f962e25a\" aria-label=\"Fullsize Image: beach-bar\"> <span class=\"slide-info\"> <\/span> <\/a> <div class=\"overlay-content\"> <div class=\"overlay-content-center\"> <div class=\"overlay-content-inner\"> <a href=\"https:\/\/www.theanchorage.es\/wp-content\/uploads\/2026\/01\/beach-bar.jpg\" class=\"icon photo \" aria-label=\"Fullsize Image: beach-bar\"> <\/a> <div class=\"overlay-line\"><\/div> <\/div> <\/div> <\/div> <\/div> <\/div> <\/div> <\/li> <li class=\"gallery-item gallery-0 col-xs-12 col-sm-6 col-md-4 item-animations-not-inited single-icon post-15608 page type-page status-publish has-post-thumbnail\" style=\"\"> <div class=\"wrap gem-wrapbox-style-default\"> <div class=\"overlay-wrap\"> <div class=\"image-wrap \"> <picture> <source srcset=\"https:\/\/www.theanchorage.es\/wp-content\/uploads\/2026\/01\/beach-bar-2-scaled-thegem-portfolio-metro.jpg 1x\" sizes=\"100vw\"> <img src=\"https:\/\/www.theanchorage.es\/wp-content\/uploads\/2026\/01\/beach-bar-2-scaled-thegem-portfolio-metro.jpg\" width=\"281\" height=\"500\" class=\"attachment-thegem-portfolio-metro\" alt=\"beach-bar-2\" \/> <\/picture> <\/div> <div class=\"overlay \"> <div class=\"overlay-circle\"><\/div> <a href=\"https:\/\/www.theanchorage.es\/wp-content\/uploads\/2026\/01\/beach-bar-2-scaled.jpg\" class=\"gallery-item-link fancy-gallery\" data-fancybox=\"gallery-69f48f962e25a\" aria-label=\"Fullsize Image: beach-bar-2\"> <span class=\"slide-info\"> <\/span> <\/a> <div class=\"overlay-content\"> <div class=\"overlay-content-center\"> <div class=\"overlay-content-inner\"> <a href=\"https:\/\/www.theanchorage.es\/wp-content\/uploads\/2026\/01\/beach-bar-2-scaled.jpg\" class=\"icon photo \" aria-label=\"Fullsize Image: beach-bar-2\"> <\/a> <div class=\"overlay-line\"><\/div> <\/div> <\/div> <\/div> <\/div> <\/div> <\/div> <\/li> <li class=\"gallery-item gallery-0 col-xs-12 col-sm-6 col-md-4 item-animations-not-inited single-icon post-15608 page type-page status-publish has-post-thumbnail\" style=\"\"> <div class=\"wrap gem-wrapbox-style-default\"> <div class=\"overlay-wrap\"> <div class=\"image-wrap \"> <picture> <source srcset=\"https:\/\/www.theanchorage.es\/wp-content\/uploads\/2026\/01\/beach-bar-3-thegem-portfolio-metro.jpg 1x\" sizes=\"100vw\"> <img src=\"https:\/\/www.theanchorage.es\/wp-content\/uploads\/2026\/01\/beach-bar-3-thegem-portfolio-metro.jpg\" width=\"667\" height=\"500\" class=\"attachment-thegem-portfolio-metro\" alt=\"beach-bar-3\" \/> <\/picture> <\/div> <div class=\"overlay \"> <div class=\"overlay-circle\"><\/div> <a href=\"https:\/\/www.theanchorage.es\/wp-content\/uploads\/2026\/01\/beach-bar-3.jpg\" class=\"gallery-item-link fancy-gallery\" data-fancybox=\"gallery-69f48f962e25a\" aria-label=\"Fullsize Image: beach-bar-3\"> <span class=\"slide-info\"> <\/span> <\/a> <div class=\"overlay-content\"> <div class=\"overlay-content-center\"> <div class=\"overlay-content-inner\"> <a href=\"https:\/\/www.theanchorage.es\/wp-content\/uploads\/2026\/01\/beach-bar-3.jpg\" class=\"icon photo \" aria-label=\"Fullsize Image: beach-bar-3\"> <\/a> <div class=\"overlay-line\"><\/div> <\/div> <\/div> <\/div> <\/div> <\/div> <\/div> <\/li> <li class=\"gallery-item gallery-0 col-xs-12 col-sm-6 col-md-4 item-animations-not-inited single-icon post-15608 page type-page status-publish has-post-thumbnail\" style=\"\"> <div class=\"wrap gem-wrapbox-style-default\"> <div class=\"overlay-wrap\"> <div class=\"image-wrap \"> <picture> <source srcset=\"https:\/\/www.theanchorage.es\/wp-content\/uploads\/2026\/01\/beach-bar-4-thegem-portfolio-metro.jpg 1x\" sizes=\"100vw\"> <img src=\"https:\/\/www.theanchorage.es\/wp-content\/uploads\/2026\/01\/beach-bar-4-thegem-portfolio-metro.jpg\" width=\"373\" height=\"500\" class=\"attachment-thegem-portfolio-metro\" alt=\"beach-bar-4\" \/> <\/picture> <\/div> <div class=\"overlay \"> <div class=\"overlay-circle\"><\/div> <a href=\"https:\/\/www.theanchorage.es\/wp-content\/uploads\/2026\/01\/beach-bar-4.jpg\" class=\"gallery-item-link fancy-gallery\" data-fancybox=\"gallery-69f48f962e25a\" aria-label=\"Fullsize Image: beach-bar-4\"> <span class=\"slide-info\"> <\/span> <\/a> <div class=\"overlay-content\"> <div class=\"overlay-content-center\"> <div class=\"overlay-content-inner\"> <a href=\"https:\/\/www.theanchorage.es\/wp-content\/uploads\/2026\/01\/beach-bar-4.jpg\" class=\"icon photo \" aria-label=\"Fullsize Image: beach-bar-4\"> <\/a> <div class=\"overlay-line\"><\/div> <\/div> <\/div> <\/div> <\/div> <\/div> <\/div> <\/li> <li class=\"gallery-item gallery-0 col-xs-12 col-sm-6 col-md-4 item-animations-not-inited single-icon post-15608 page type-page status-publish has-post-thumbnail\" style=\"\"> <div class=\"wrap gem-wrapbox-style-default\"> <div class=\"overlay-wrap\"> <div class=\"image-wrap \"> <picture> <source srcset=\"https:\/\/www.theanchorage.es\/wp-content\/uploads\/2026\/01\/beach-bar-5-thegem-portfolio-metro.jpg 1x\" sizes=\"100vw\"> <img src=\"https:\/\/www.theanchorage.es\/wp-content\/uploads\/2026\/01\/beach-bar-5-thegem-portfolio-metro.jpg\" width=\"375\" height=\"500\" class=\"attachment-thegem-portfolio-metro\" alt=\"beach-bar-5\" \/> <\/picture> <\/div> <div class=\"overlay \"> <div class=\"overlay-circle\"><\/div> <a href=\"https:\/\/www.theanchorage.es\/wp-content\/uploads\/2026\/01\/beach-bar-5.jpg\" class=\"gallery-item-link fancy-gallery\" data-fancybox=\"gallery-69f48f962e25a\" aria-label=\"Fullsize Image: beach-bar-5\"> <span class=\"slide-info\"> <\/span> <\/a> <div class=\"overlay-content\"> <div class=\"overlay-content-center\"> <div class=\"overlay-content-inner\"> <a href=\"https:\/\/www.theanchorage.es\/wp-content\/uploads\/2026\/01\/beach-bar-5.jpg\" class=\"icon photo \" aria-label=\"Fullsize Image: beach-bar-5\"> <\/a> <div class=\"overlay-line\"><\/div> <\/div> <\/div> <\/div> <\/div> <\/div> <\/div> <\/li> <li class=\"gallery-item gallery-0 col-xs-12 col-sm-6 col-md-4 item-animations-not-inited single-icon post-15608 page type-page status-publish has-post-thumbnail\" style=\"\"> <div class=\"wrap gem-wrapbox-style-default\"> <div class=\"overlay-wrap\"> <div class=\"image-wrap \"> <picture> <source srcset=\"https:\/\/www.theanchorage.es\/wp-content\/uploads\/2026\/01\/beach-bar-6-thegem-portfolio-metro.jpg 1x\" sizes=\"100vw\"> <img src=\"https:\/\/www.theanchorage.es\/wp-content\/uploads\/2026\/01\/beach-bar-6-thegem-portfolio-metro.jpg\" width=\"662\" height=\"500\" class=\"attachment-thegem-portfolio-metro\" alt=\"beach-bar-6\" \/> <\/picture> <\/div> <div class=\"overlay \"> <div class=\"overlay-circle\"><\/div> <a href=\"https:\/\/www.theanchorage.es\/wp-content\/uploads\/2026\/01\/beach-bar-6.jpg\" class=\"gallery-item-link fancy-gallery\" data-fancybox=\"gallery-69f48f962e25a\" aria-label=\"Fullsize Image: beach-bar-6\"> <span class=\"slide-info\"> <\/span> <\/a> <div class=\"overlay-content\"> <div class=\"overlay-content-center\"> <div class=\"overlay-content-inner\"> <a href=\"https:\/\/www.theanchorage.es\/wp-content\/uploads\/2026\/01\/beach-bar-6.jpg\" class=\"icon photo \" aria-label=\"Fullsize Image: beach-bar-6\"> <\/a> <div class=\"overlay-line\"><\/div> <\/div> <\/div> <\/div> <\/div> <\/div> <\/div> <\/li> <li class=\"gallery-item gallery-0 col-xs-12 col-sm-6 col-md-4 item-animations-not-inited single-icon post-15608 page type-page status-publish has-post-thumbnail\" style=\"\"> <div class=\"wrap gem-wrapbox-style-default\"> <div class=\"overlay-wrap\"> <div class=\"image-wrap \"> <picture> <source srcset=\"https:\/\/www.theanchorage.es\/wp-content\/uploads\/2026\/01\/beach-bar-7-thegem-portfolio-metro.jpg 1x\" sizes=\"100vw\"> <img src=\"https:\/\/www.theanchorage.es\/wp-content\/uploads\/2026\/01\/beach-bar-7-thegem-portfolio-metro.jpg\" width=\"892\" height=\"500\" class=\"attachment-thegem-portfolio-metro\" alt=\"beach-bar-7\" \/> <\/picture> <\/div> <div class=\"overlay \"> <div class=\"overlay-circle\"><\/div> <a href=\"https:\/\/www.theanchorage.es\/wp-content\/uploads\/2026\/01\/beach-bar-7.jpg\" class=\"gallery-item-link fancy-gallery\" data-fancybox=\"gallery-69f48f962e25a\" aria-label=\"Fullsize Image: beach-bar-7\"> <span class=\"slide-info\"> <\/span> <\/a> <div class=\"overlay-content\"> <div class=\"overlay-content-center\"> <div class=\"overlay-content-inner\"> <a href=\"https:\/\/www.theanchorage.es\/wp-content\/uploads\/2026\/01\/beach-bar-7.jpg\" class=\"icon photo \" aria-label=\"Fullsize Image: beach-bar-7\"> <\/a> <div class=\"overlay-line\"><\/div> <\/div> <\/div> <\/div> <\/div> <\/div> <\/div> <\/li> <\/ul> <div class=\"portfolio-item-size-container\"> <li class=\"gallery-item size-item col-xs-12 col-sm-6 col-md-4 post-15608 page type-page status-publish has-post-thumbnail\" style=\"\"> <\/li> <\/div> <\/div> <\/div> <\/div> <\/div>[\/vc_column][vc_column width=\u00bb1\/12&#8243;][\/vc_column][\/vc_row]<\/p>\n<\/div>","protected":false},"excerpt":{"rendered":"<p>[vc_row el_id=\u00bbcontents\u00bb][vc_column width=\u00bb1\/12&#8243;][\/vc_column][vc_column width=\u00bb5\/6&#8243;][vc_column_text css=\u00bb\u00bb] RESTAURANTE Y BAR DE PLAYA | THE ANCHORAGE [\/vc_column_text][vc_row_inner content_placement=\u00bbtop\u00bb css=\u00bb.vc_custom_1777540567706{margin-right: 0px !important;margin-left: 0px !important;}\u00bb][vc_column_inner][vc_single_image&#8230;<\/p>\n","protected":false},"author":1,"featured_media":10222,"parent":13820,"menu_order":2,"comment_status":"closed","ping_status":"closed","template":"","meta":{"_joinchat":{"telephone":"+34696318985","message_text":"Hola, necesito m\u00f1as informaci\u00f3n sobre {TITLE}{URL}","view":"yes"},"footnotes":"","_links_to":"","_links_to_target":""},"class_list":["post-15608","page","type-page","status-publish","has-post-thumbnail"],"_links":{"self":[{"href":"https:\/\/www.theanchorage.es\/es\/wp-json\/wp\/v2\/pages\/15608","targetHints":{"allow":["GET"]}}],"collection":[{"href":"https:\/\/www.theanchorage.es\/es\/wp-json\/wp\/v2\/pages"}],"about":[{"href":"https:\/\/www.theanchorage.es\/es\/wp-json\/wp\/v2\/types\/page"}],"author":[{"embeddable":true,"href":"https:\/\/www.theanchorage.es\/es\/wp-json\/wp\/v2\/users\/1"}],"replies":[{"embeddable":true,"href":"https:\/\/www.theanchorage.es\/es\/wp-json\/wp\/v2\/comments?post=15608"}],"version-history":[{"count":52,"href":"https:\/\/www.theanchorage.es\/es\/wp-json\/wp\/v2\/pages\/15608\/revisions"}],"predecessor-version":[{"id":47509,"href":"https:\/\/www.theanchorage.es\/es\/wp-json\/wp\/v2\/pages\/15608\/revisions\/47509"}],"up":[{"embeddable":true,"href":"https:\/\/www.theanchorage.es\/es\/wp-json\/wp\/v2\/pages\/13820"}],"wp:featuredmedia":[{"embeddable":true,"href":"https:\/\/www.theanchorage.es\/es\/wp-json\/wp\/v2\/media\/10222"}],"wp:attachment":[{"href":"https:\/\/www.theanchorage.es\/es\/wp-json\/wp\/v2\/media?parent=15608"}],"curies":[{"name":"wp","href":"https:\/\/api.w.org\/{rel}","templated":true}]}}