{"id":45794,"date":"2025-04-16T17:31:49","date_gmt":"2025-04-16T17:31:49","guid":{"rendered":"https:\/\/www.theanchorage.es\/philosophy\/"},"modified":"2025-09-19T08:08:29","modified_gmt":"2025-09-19T08:08:29","slug":"philosophie","status":"publish","type":"page","link":"https:\/\/www.theanchorage.es\/de\/philosophie\/","title":{"rendered":"Philosophie"},"content":{"rendered":"<div class=\"wpb-content-wrapper\"><p>[vc_row gap=&#8220;15&#8243; css=&#8220;.vc_custom_1758114545834{margin-top: 0px !important;padding-top: 0px !important;}&#8220;][vc_column]<div class=\"clearboth\"><\/div><style>#thegem-divider-69f481617e0d1 {margin-top: 50px !important;}<\/style><div id=\"thegem-divider-69f481617e0d1\" class=\"gem-divider  \" style=\"\" ><\/div><div class=\"clearboth\"><\/div><style>#thegem-divider-69f481617e176 {margin-top: 50px !important;}<\/style><div id=\"thegem-divider-69f481617e176\" class=\"gem-divider  \" style=\"\" ><\/div>[vc_column_text css=&#8220;&#8220;]<\/p>\n<h2 style=\"text-align: center;\">UNSERE PHILOSOPHIE<\/h2>\n<p>[\/vc_column_text][vc_column_text css=&#8220;&#8220;]<\/p>\n<div class=\"styled-subtitle\" style=\"text-align: center;\">Um unsere Position als gefragteste Wohnanlage und Club auf Mallorca zu behaupten, entwickeln wir uns st\u00e4ndig weiter \u2013 und bewahren zugleich unser wertvolles Erbe. Vor allem das einzigartige Design unserer Anlage erf\u00fcllt all unsere Eigent\u00fcmer mit Stolz und dem Gef\u00fchl, wirklich etwas Besonderes zu sein.<\/div>\n<p>[\/vc_column_text]<div class=\"clearboth\"><\/div><style>#thegem-divider-69f481617e1e4 {margin-top: 50px !important;}<\/style><div id=\"thegem-divider-69f481617e1e4\" class=\"gem-divider  \" style=\"\" ><\/div>[vc_column_text css=&#8220;&#8220;]<\/p>\n<h4 style=\"text-align: center;\">Wir legen Wert auf:<\/h4>\n<p>[\/vc_column_text][\/vc_column][vc_column width=&#8220;1\/3&#8243;][vc_row_inner content_placement=&#8220;top&#8220;][vc_column_inner width=&#8220;1\/3&#8243; css=&#8220;.vc_custom_1758115518622{margin-bottom: 0px !important;padding-bottom: 0px !important;}&#8220;][vc_column_text css=&#8220;&#8220; css_animation=&#8220;rotateInDownLeft&#8220;]<img class=\"size-thumbnail wp-image-45703 aligncenter\" src=\"https:\/\/www.theanchorage.es\/wp-content\/uploads\/2025\/04\/safe-secure-250x250.png\" alt=\"\" width=\"250\" height=\"250\" srcset=\"https:\/\/www.theanchorage.es\/wp-content\/uploads\/2025\/04\/safe-secure-250x250.png 250w, https:\/\/www.theanchorage.es\/wp-content\/uploads\/2025\/04\/safe-secure-256x256.png 256w, https:\/\/www.theanchorage.es\/wp-content\/uploads\/2025\/04\/safe-secure.png 300w\" sizes=\"(max-width: 250px) 100vw, 250px\" \/>[\/vc_column_text][\/vc_column_inner][vc_column_inner width=&#8220;2\/3&#8243; css=&#8220;.vc_custom_1758114961039{margin-left: -10px !important;padding-left: 0px !important;}&#8220; offset=&#8220;vc_hidden-sm vc_hidden-xs&#8220;]<div class=\"clearboth\"><\/div><style>#thegem-divider-69f481617e24c {margin-top: 15px !important;}<\/style><div id=\"thegem-divider-69f481617e24c\" class=\"gem-divider  \" style=\"\" ><\/div>[vc_column_text css=&#8220;&#8220; css_animation=&#8220;left-to-right&#8220;]<\/p>\n<h6>Sicherheit<\/h6>\n<p>[\/vc_column_text][vc_column_text css=&#8220;&#8220; css_animation=&#8220;fadeInDown&#8220;]Wir m\u00f6chten, dass sich alle sicher und geborgen f\u00fchlen, auch wenn Sie sich nicht in der Anlage befinden.[\/vc_column_text][\/vc_column_inner][vc_column_inner width=&#8220;2\/3&#8243; offset=&#8220;vc_hidden-lg vc_hidden-md&#8220; mobile_padding_left=&#8220;15&#8243; mobile_padding_right=&#8220;15&#8243; css=&#8220;.vc_custom_1758115434145{margin-top: 0px !important;padding-top: 0px !important;}&#8220;][vc_column_text css=&#8220;&#8220; css_animation=&#8220;left-to-right&#8220;]<\/p>\n<h6 style=\"text-align: center;\">Sicherheit<\/h6>\n<p>[\/vc_column_text][vc_column_text css=&#8220;&#8220; css_animation=&#8220;fadeInDown&#8220;]<\/p>\n<p style=\"text-align: center;\">Wir m\u00f6chten, dass sich alle sicher und geborgen f\u00fchlen, auch wenn Sie sich nicht in der Anlage befinden.<\/p>\n<p>[\/vc_column_text]<div class=\"clearboth\"><\/div><style>#thegem-divider-69f481617e2e3 {margin-top: 15px !important;}<\/style><div id=\"thegem-divider-69f481617e2e3\" class=\"gem-divider  \" style=\"\" ><\/div>[\/vc_column_inner][\/vc_row_inner][\/vc_column][vc_column width=&#8220;1\/3&#8243;][vc_row_inner content_placement=&#8220;top&#8220;][vc_column_inner width=&#8220;1\/3&#8243; css=&#8220;.vc_custom_1758115552059{margin-bottom: 0px !important;padding-bottom: 0px !important;}&#8220;][vc_column_text css=&#8220;&#8220; css_animation=&#8220;rotateInDownLeft&#8220;]<img class=\"aligncenter size-full wp-image-45763\" src=\"https:\/\/www.theanchorage.es\/wp-content\/uploads\/2025\/04\/friendly-environment.png\" alt=\"\" width=\"225\" height=\"225\" \/>[\/vc_column_text][\/vc_column_inner][vc_column_inner width=&#8220;2\/3&#8243; css=&#8220;.vc_custom_1758115000452{margin-left: -10px !important;padding-left: 0px !important;}&#8220; offset=&#8220;vc_hidden-sm vc_hidden-xs&#8220;]<div class=\"clearboth\"><\/div><style>#thegem-divider-69f481617e361 {margin-top: 15px !important;}<\/style><div id=\"thegem-divider-69f481617e361\" class=\"gem-divider  \" style=\"\" ><\/div>[vc_column_text css=&#8220;&#8220; css_animation=&#8220;left-to-right&#8220;]<\/p>\n<h6>Respekt<\/h6>\n<p>[\/vc_column_text][vc_column_text css=&#8220;&#8220; css_animation=&#8220;fadeInDown&#8220;]Gegenseitig, gegen\u00fcber anderen Kulturen, gegen\u00fcber unseren Eigent\u00fcmern, G\u00e4sten und Mitarbeitern sowie gegen\u00fcber der Umwelt.[\/vc_column_text][\/vc_column_inner][vc_column_inner width=&#8220;2\/3&#8243; offset=&#8220;vc_hidden-lg vc_hidden-md&#8220; mobile_padding_left=&#8220;15&#8243; mobile_padding_right=&#8220;15&#8243; css=&#8220;.vc_custom_1758115441917{margin-top: 0px !important;padding-top: 0px !important;}&#8220;][vc_column_text css=&#8220;&#8220; css_animation=&#8220;left-to-right&#8220;]<\/p>\n<h6 style=\"text-align: center;\">Respekt<\/h6>\n<p>[\/vc_column_text][vc_column_text css=&#8220;&#8220; css_animation=&#8220;fadeInDown&#8220;]<\/p>\n<p style=\"text-align: center;\">Gegenseitig, gegen\u00fcber anderen Kulturen, gegen\u00fcber unseren Eigent\u00fcmern, G\u00e4sten und Mitarbeitern sowie gegen\u00fcber der Umwelt.<\/p>\n<p>[\/vc_column_text]<div class=\"clearboth\"><\/div><style>#thegem-divider-69f481617e3bd {margin-top: 15px !important;}<\/style><div id=\"thegem-divider-69f481617e3bd\" class=\"gem-divider  \" style=\"\" ><\/div>[\/vc_column_inner][\/vc_row_inner][\/vc_column][vc_column width=&#8220;1\/3&#8243;][vc_row_inner content_placement=&#8220;top&#8220;][vc_column_inner width=&#8220;1\/3&#8243; css=&#8220;.vc_custom_1758115535217{margin-bottom: 0px !important;padding-bottom: 0px !important;}&#8220;][vc_column_text css=&#8220;&#8220; css_animation=&#8220;rotateInDownLeft&#8220;]<img class=\"aligncenter size-full wp-image-45766\" src=\"https:\/\/www.theanchorage.es\/wp-content\/uploads\/2025\/04\/tolerance-consideration.png\" alt=\"\" width=\"225\" height=\"225\" \/>[\/vc_column_text][\/vc_column_inner][vc_column_inner width=&#8220;2\/3&#8243; css=&#8220;.vc_custom_1758115008764{margin-left: -10px !important;padding-left: 0px !important;}&#8220; offset=&#8220;vc_hidden-sm vc_hidden-xs&#8220;]<div class=\"clearboth\"><\/div><style>#thegem-divider-69f481617e412 {margin-top: 15px !important;}<\/style><div id=\"thegem-divider-69f481617e412\" class=\"gem-divider  \" style=\"\" ><\/div>[vc_column_text css=&#8220;&#8220; css_animation=&#8220;left-to-right&#8220;]<\/p>\n<h6>Toleranz<\/h6>\n<p>[\/vc_column_text][vc_column_text css=&#8220;&#8220; css_animation=&#8220;fadeInDown&#8220;]In einem vielf\u00e4ltigen Eigent\u00fcmerclub glauben wir an Gleichheit und R\u00fccksichtnahme gegen\u00fcber allen, achten auf unsere Mitmenschen und \u00fcbernehmen Verantwortung f\u00fcr unser Handeln.[\/vc_column_text][\/vc_column_inner][vc_column_inner width=&#8220;2\/3&#8243; offset=&#8220;vc_hidden-lg vc_hidden-md&#8220; mobile_padding_left=&#8220;15&#8243; mobile_padding_right=&#8220;15&#8243; css=&#8220;.vc_custom_1758115452019{margin-top: 0px !important;padding-top: 0px !important;}&#8220;][vc_column_text css=&#8220;&#8220; css_animation=&#8220;left-to-right&#8220;]<\/p>\n<h6 style=\"text-align: center;\">Toleranz<\/h6>\n<p>[\/vc_column_text][vc_column_text css=&#8220;&#8220; css_animation=&#8220;fadeInDown&#8220;]<\/p>\n<p style=\"text-align: center;\">In einem vielf\u00e4ltigen Eigent\u00fcmerclub glauben wir an Gleichheit und R\u00fccksichtnahme gegen\u00fcber allen, achten auf unsere Mitmenschen und \u00fcbernehmen Verantwortung f\u00fcr unser Handeln.<\/p>\n<p>[\/vc_column_text]<div class=\"clearboth\"><\/div><style>#thegem-divider-69f481617e462 {margin-top: 15px !important;}<\/style><div id=\"thegem-divider-69f481617e462\" class=\"gem-divider  \" style=\"\" ><\/div>[\/vc_column_inner][\/vc_row_inner][\/vc_column][vc_column][\/vc_column][vc_column width=&#8220;1\/3&#8243;][vc_row_inner content_placement=&#8220;top&#8220;][vc_column_inner width=&#8220;1\/3&#8243; css=&#8220;.vc_custom_1758115577090{margin-bottom: 0px !important;padding-bottom: 0px !important;}&#8220;][vc_column_text css=&#8220;&#8220; css_animation=&#8220;rotateInDownLeft&#8220;]<img class=\"aligncenter size-full wp-image-45769\" src=\"https:\/\/www.theanchorage.es\/wp-content\/uploads\/2025\/04\/environmental-values.png\" alt=\"\" width=\"225\" height=\"225\" \/><\/p>\n<p>[\/vc_column_text][\/vc_column_inner][vc_column_inner width=&#8220;2\/3&#8243; css=&#8220;.vc_custom_1758115017343{margin-left: -10px !important;padding-left: 0px !important;}&#8220; offset=&#8220;vc_hidden-sm vc_hidden-xs&#8220;]<div class=\"clearboth\"><\/div><style>#thegem-divider-69f481617e4af {margin-top: 15px !important;}<\/style><div id=\"thegem-divider-69f481617e4af\" class=\"gem-divider  \" style=\"\" ><\/div>[vc_column_text css=&#8220;&#8220; css_animation=&#8220;left-to-right&#8220;]<\/p>\n<h6>Nachhaltigkeit<\/h6>\n<p>[\/vc_column_text][vc_column_text css=&#8220;&#8220; css_animation=&#8220;fadeInDown&#8220;]Wir f\u00fchlen uns der Erhaltung und Verbesserung unserer Einrichtungen verpflichtet, um so unseren fortw\u00e4hrenden Wohlstand zu sichern und gleichzeitig die f\u00fcr das heutige Mallorca angemessenen Umweltwerte zu f\u00f6rdern.[\/vc_column_text][\/vc_column_inner][vc_column_inner width=&#8220;2\/3&#8243; offset=&#8220;vc_hidden-lg vc_hidden-md&#8220; mobile_padding_left=&#8220;15&#8243; mobile_padding_right=&#8220;15&#8243; css=&#8220;.vc_custom_1758115461661{margin-top: 0px !important;padding-top: 0px !important;}&#8220;][vc_column_text css=&#8220;&#8220; css_animation=&#8220;left-to-right&#8220;]<\/p>\n<h6 style=\"text-align: center;\">Nachhaltigkeit<\/h6>\n<p>[\/vc_column_text][vc_column_text css=&#8220;&#8220; css_animation=&#8220;fadeInDown&#8220;]<\/p>\n<p style=\"text-align: center;\">Wir f\u00fchlen uns der Erhaltung und Verbesserung unserer Einrichtungen verpflichtet, um so unseren fortw\u00e4hrenden Wohlstand zu sichern und gleichzeitig die f\u00fcr das heutige Mallorca angemessenen Umweltwerte zu f\u00f6rdern.<\/p>\n<p>[\/vc_column_text]<div class=\"clearboth\"><\/div><style>#thegem-divider-69f481617e4fe {margin-top: 15px !important;}<\/style><div id=\"thegem-divider-69f481617e4fe\" class=\"gem-divider  \" style=\"\" ><\/div>[\/vc_column_inner][\/vc_row_inner][\/vc_column][vc_column width=&#8220;1\/3&#8243;][vc_row_inner content_placement=&#8220;top&#8220;][vc_column_inner width=&#8220;1\/3&#8243; css=&#8220;.vc_custom_1758115585034{margin-bottom: 0px !important;padding-bottom: 0px !important;}&#8220;][vc_column_text css=&#8220;&#8220; css_animation=&#8220;rotateInDownLeft&#8220;]<img class=\"aligncenter size-full wp-image-45759\" src=\"https:\/\/www.theanchorage.es\/wp-content\/uploads\/2025\/04\/Clubs-heritage.png\" alt=\"\" width=\"225\" height=\"225\" \/>[\/vc_column_text][\/vc_column_inner][vc_column_inner width=&#8220;2\/3&#8243; css=&#8220;.vc_custom_1758115024462{margin-left: -10px !important;padding-left: 0px !important;}&#8220; offset=&#8220;vc_hidden-sm vc_hidden-xs&#8220;]<div class=\"clearboth\"><\/div><style>#thegem-divider-69f481617e540 {margin-top: 15px !important;}<\/style><div id=\"thegem-divider-69f481617e540\" class=\"gem-divider  \" style=\"\" ><\/div>[vc_column_text css=&#8220;&#8220; css_animation=&#8220;left-to-right&#8220;]<\/p>\n<h6>Gemeinschaft<\/h6>\n<p>[\/vc_column_text][vc_column_text css=&#8220;&#8220; css_animation=&#8220;fadeInDown&#8220;]Wir bieten stets ein einladendes und freundliches Ambiente und f\u00f6rdern den Zusammenhalt durch einen offenen und ehrlichen Dialog zwischen dem Ausschuss, der Gesch\u00e4ftsf\u00fchrung und den Eigent\u00fcmern.[\/vc_column_text][\/vc_column_inner][vc_column_inner width=&#8220;2\/3&#8243; offset=&#8220;vc_hidden-lg vc_hidden-md&#8220; mobile_padding_left=&#8220;15&#8243; mobile_padding_right=&#8220;15&#8243; css=&#8220;.vc_custom_1758115469717{margin-top: 0px !important;padding-top: 0px !important;}&#8220;][vc_column_text css=&#8220;&#8220; css_animation=&#8220;left-to-right&#8220;]<\/p>\n<h6 style=\"text-align: center;\">Gemeinschaft<\/h6>\n<p>[\/vc_column_text][vc_column_text css=&#8220;&#8220; css_animation=&#8220;fadeInDown&#8220;]<\/p>\n<p style=\"text-align: center;\">Wir bieten stets ein einladendes und freundliches Ambiente und f\u00f6rdern den Zusammenhalt durch einen offenen und ehrlichen Dialog zwischen dem Ausschuss, der Gesch\u00e4ftsf\u00fchrung und den Eigent\u00fcmern.<\/p>\n<p>[\/vc_column_text]<div class=\"clearboth\"><\/div><style>#thegem-divider-69f481617e583 {margin-top: 15px !important;}<\/style><div id=\"thegem-divider-69f481617e583\" class=\"gem-divider  \" style=\"\" ><\/div>[\/vc_column_inner][\/vc_row_inner][\/vc_column][vc_column width=&#8220;1\/3&#8243;][vc_row_inner content_placement=&#8220;top&#8220;][vc_column_inner width=&#8220;1\/3&#8243; css=&#8220;.vc_custom_1758115592651{margin-bottom: 0px !important;padding-bottom: 0px !important;}&#8220;][vc_column_text css=&#8220;&#8220; css_animation=&#8220;rotateInDownLeft&#8220;]<img class=\"aligncenter wp-image-45999 size-full\" src=\"https:\/\/www.theanchorage.es\/wp-content\/uploads\/2025\/09\/bienestar.png\" alt=\"\" width=\"225\" height=\"225\" \/><\/p>\n<p>[\/vc_column_text][\/vc_column_inner][vc_column_inner width=&#8220;2\/3&#8243; css=&#8220;.vc_custom_1758115038072{margin-left: -10px !important;padding-left: 0px !important;}&#8220; offset=&#8220;vc_hidden-sm vc_hidden-xs&#8220;]<div class=\"clearboth\"><\/div><style>#thegem-divider-69f481617e5c2 {margin-top: 15px !important;}<\/style><div id=\"thegem-divider-69f481617e5c2\" class=\"gem-divider  \" style=\"\" ><\/div>[vc_column_text css=&#8220;&#8220; css_animation=&#8220;left-to-right&#8220;]<\/p>\n<h6>Wohlbefinden<\/h6>\n<p>[\/vc_column_text][vc_column_text css=&#8220;&#8220; css_animation=&#8220;fadeInDown&#8220;]Wir genie\u00dfen die Vorteile eines gl\u00fccklichen, gesunden Lebensstils in einer wundersch\u00f6nen Umgebung, unterst\u00fctzt durch gro\u00dfartige Sportaktivit\u00e4ten und hervorragende Einrichtungen.<\/p>\n<p>[\/vc_column_text][\/vc_column_inner][vc_column_inner width=&#8220;2\/3&#8243; offset=&#8220;vc_hidden-lg vc_hidden-md&#8220; mobile_padding_left=&#8220;15&#8243; mobile_padding_right=&#8220;15&#8243; css=&#8220;.vc_custom_1758115477167{margin-top: 0px !important;padding-top: 0px !important;}&#8220;][vc_column_text css=&#8220;&#8220; css_animation=&#8220;left-to-right&#8220;]<\/p>\n<h6 style=\"text-align: center;\">Wohlbefinden<\/h6>\n<p>[\/vc_column_text][vc_column_text css=&#8220;&#8220; css_animation=&#8220;fadeInDown&#8220;]<\/p>\n<p style=\"text-align: center;\">Wir genie\u00dfen die Vorteile eines gl\u00fccklichen, gesunden Lebensstils in einer wundersch\u00f6nen Umgebung, unterst\u00fctzt durch gro\u00dfartige Sportaktivit\u00e4ten und hervorragende Einrichtungen.<\/p>\n<p>[\/vc_column_text]<div class=\"clearboth\"><\/div><style>#thegem-divider-69f481617e601 {margin-top: 15px !important;}<\/style><div id=\"thegem-divider-69f481617e601\" class=\"gem-divider  \" style=\"\" ><\/div>[\/vc_column_inner][\/vc_row_inner][\/vc_column][\/vc_row]<\/p>\n<div style=\"margin: 20px 0;\"><div class=\"qrcswholewtapper\" style=\"text-align:left;\"><div class=\"qrcprowrapper\"  id=\"qrcwraa2leds\"><div class=\"qrc_canvass\" id=\"qrc_cuttenpages_2\" style=\"display:none\" data-text=\"https:\/\/www.theanchorage.es\/de\/philosophie\/\"><\/div><\/div><\/div><\/div><\/div>","protected":false},"excerpt":{"rendered":"<p>[vc_row gap=&#8220;15&#8243; css=&#8220;.vc_custom_1758114545834{margin-top: 0px !important;padding-top: 0px !important;}&#8220;][vc_column][vc_column_text css=&#8220;&#8220;] UNSERE PHILOSOPHIE [\/vc_column_text][vc_column_text css=&#8220;&#8220;] Um unsere Position als gefragteste Wohnanlage und Club&#8230;<\/p>\n","protected":false},"author":1,"featured_media":0,"parent":0,"menu_order":2,"comment_status":"closed","ping_status":"closed","template":"","meta":{"_joinchat":[],"footnotes":"","_links_to":"","_links_to_target":""},"class_list":["post-45794","page","type-page","status-publish"],"_links":{"self":[{"href":"https:\/\/www.theanchorage.es\/de\/wp-json\/wp\/v2\/pages\/45794","targetHints":{"allow":["GET"]}}],"collection":[{"href":"https:\/\/www.theanchorage.es\/de\/wp-json\/wp\/v2\/pages"}],"about":[{"href":"https:\/\/www.theanchorage.es\/de\/wp-json\/wp\/v2\/types\/page"}],"author":[{"embeddable":true,"href":"https:\/\/www.theanchorage.es\/de\/wp-json\/wp\/v2\/users\/1"}],"replies":[{"embeddable":true,"href":"https:\/\/www.theanchorage.es\/de\/wp-json\/wp\/v2\/comments?post=45794"}],"version-history":[{"count":7,"href":"https:\/\/www.theanchorage.es\/de\/wp-json\/wp\/v2\/pages\/45794\/revisions"}],"predecessor-version":[{"id":46024,"href":"https:\/\/www.theanchorage.es\/de\/wp-json\/wp\/v2\/pages\/45794\/revisions\/46024"}],"wp:attachment":[{"href":"https:\/\/www.theanchorage.es\/de\/wp-json\/wp\/v2\/media?parent=45794"}],"curies":[{"name":"wp","href":"https:\/\/api.w.org\/{rel}","templated":true}]}}