{"id":17401,"date":"2021-01-21T20:50:32","date_gmt":"2021-01-21T20:50:32","guid":{"rendered":"https:\/\/www.theanchorage.es\/?page_id=17401"},"modified":"2026-03-19T17:33:48","modified_gmt":"2026-03-19T17:33:48","slug":"community-chat-facebook","status":"publish","type":"page","link":"https:\/\/www.theanchorage.es\/de\/eigentuemer-bereich\/the-anchorage-services\/community-chat-facebook\/","title":{"rendered":"Community Chat &#8211; Facebook"},"content":{"rendered":"<div class=\"wpb-content-wrapper\"><p>[vc_row el_id=&#8220;contents&#8220;][vc_column width=&#8220;1\/12&#8243;][\/vc_column][vc_column width=&#8220;5\/6&#8243;]<div class=\"clearboth\"><\/div><style>#thegem-divider-69f48f33cf1fd {margin-top: 130px !important;}<\/style><div id=\"thegem-divider-69f48f33cf1fd\" class=\"gem-divider  \" style=\"\" ><\/div>[vc_column_text]<\/p>\n<h3><span class=\"light\">Community Chat | <\/span>Facebook<\/h3>\n<p>[\/vc_column_text]<div class=\"clearboth\"><\/div><style>#thegem-divider-69f48f33cf249 {margin-top: 30px !important;}<\/style><div id=\"thegem-divider-69f48f33cf249\" class=\"gem-divider  \" style=\"\" ><\/div>[\/vc_column][vc_column width=&#8220;1\/12&#8243;][\/vc_column][\/vc_row][vc_row full_width=&#8220;stretch_row&#8220;][vc_column width=&#8220;1\/12&#8243;][\/vc_column][vc_column width=&#8220;5\/6&#8243;][vc_column_text]Die Anchorage Community Chat Group wurde ausschliesslich zur Benutzung durch Anchorage Eigent\u00fcmer gegr\u00fcndet. Gerne k\u00f6nnen Sie jegliche Angelegenheit von Interesse posten, Fotos teilen, Informationen austauschen, Fragen stellen, in Kontakt bleiben oder Gegenst\u00e4nde verkaufen.<\/p>\n<p>Ziel der Gruppe ist es, den Gemeinschaftsgeist des Anchorage zu f\u00f6rdern und den Austausch unter den Eigent\u00fcmern anzuregen. Diese Gruppe ist mit keiner anderen Organisation verbunden und die zum Ausdruck gebrachten Sichtweisen sind die des jeweiligen Posters.<\/p>\n<p>Um der Gruppe beizutreten, klicken Sie auf den Link unten.[\/vc_column_text][vc_btn title=&#8220;FACEBOOK CHAT&#8220; color=&#8220;primary&#8220; i_icon_fontawesome=&#8220;fab fa-facebook-f&#8220; add_icon=&#8220;true&#8220; link=&#8220;url:https%3A%2F%2Fwww.facebook.com%2Fgroups%2Ftheanchoragemallorca|target:_blank|rel:nofollow&#8220;][\/vc_column][vc_column width=&#8220;1\/12&#8243;][\/vc_column][\/vc_row][vc_row][vc_column][vc_column_text]<button translate=\"no\" class=\"btg-button btg-button-5 btg-bottomLeft\" data-btnid=\"5\" data-url=\"https:\/\/www.theanchorage.es\/wp-content\/uploads\/2025\/07\/DReglamento-regimen-interior-Comunidad-aprobado-25abr2025.pdf\" data-action=\"link\" data-target=\"_self\">HAUSORDNUNG<span class=\"fas fa-exclamation-circle btg-icon \"><\/span><\/button>[\/vc_column_text][\/vc_column][\/vc_row]<\/p>\n<div style=\"margin: 20px 0;\"><div class=\"qrcswholewtapper\" style=\"text-align:left;\"><div class=\"qrcprowrapper\"  id=\"qrcwraa2leds\"><div class=\"qrc_canvass\" id=\"qrc_cuttenpages_2\" style=\"display:none\" data-text=\"https:\/\/www.theanchorage.es\/de\/eigentuemer-bereich\/the-anchorage-services\/community-chat-facebook\/\"><\/div><\/div><\/div><\/div><\/div>","protected":false},"excerpt":{"rendered":"<p>[vc_row el_id=&#8220;contents&#8220;][vc_column width=&#8220;1\/12&#8243;][\/vc_column][vc_column width=&#8220;5\/6&#8243;][vc_column_text] Community Chat | Facebook [\/vc_column_text][\/vc_column][vc_column width=&#8220;1\/12&#8243;][\/vc_column][\/vc_row][vc_row full_width=&#8220;stretch_row&#8220;][vc_column width=&#8220;1\/12&#8243;][\/vc_column][vc_column width=&#8220;5\/6&#8243;][vc_column_text]Die Anchorage Community Chat Group wurde ausschliesslich zur&#8230;<\/p>\n","protected":false},"author":1,"featured_media":17396,"parent":13826,"menu_order":6,"comment_status":"closed","ping_status":"closed","template":"","meta":{"_joinchat":[],"footnotes":"","_links_to":"","_links_to_target":""},"class_list":["post-17401","page","type-page","status-publish","has-post-thumbnail"],"_links":{"self":[{"href":"https:\/\/www.theanchorage.es\/de\/wp-json\/wp\/v2\/pages\/17401","targetHints":{"allow":["GET"]}}],"collection":[{"href":"https:\/\/www.theanchorage.es\/de\/wp-json\/wp\/v2\/pages"}],"about":[{"href":"https:\/\/www.theanchorage.es\/de\/wp-json\/wp\/v2\/types\/page"}],"author":[{"embeddable":true,"href":"https:\/\/www.theanchorage.es\/de\/wp-json\/wp\/v2\/users\/1"}],"replies":[{"embeddable":true,"href":"https:\/\/www.theanchorage.es\/de\/wp-json\/wp\/v2\/comments?post=17401"}],"version-history":[{"count":2,"href":"https:\/\/www.theanchorage.es\/de\/wp-json\/wp\/v2\/pages\/17401\/revisions"}],"predecessor-version":[{"id":47240,"href":"https:\/\/www.theanchorage.es\/de\/wp-json\/wp\/v2\/pages\/17401\/revisions\/47240"}],"up":[{"embeddable":true,"href":"https:\/\/www.theanchorage.es\/de\/wp-json\/wp\/v2\/pages\/13826"}],"wp:featuredmedia":[{"embeddable":true,"href":"https:\/\/www.theanchorage.es\/de\/wp-json\/wp\/v2\/media\/17396"}],"wp:attachment":[{"href":"https:\/\/www.theanchorage.es\/de\/wp-json\/wp\/v2\/media?parent=17401"}],"curies":[{"name":"wp","href":"https:\/\/api.w.org\/{rel}","templated":true}]}}