{"id":17032,"date":"2021-01-13T13:50:45","date_gmt":"2021-01-13T13:50:45","guid":{"rendered":"https:\/\/www.theanchorage.es\/anchorage-tour\/bienestar\/"},"modified":"2026-01-27T21:19:03","modified_gmt":"2026-01-27T21:19:03","slug":"wohlbefinden","status":"publish","type":"page","link":"https:\/\/www.theanchorage.es\/de\/anchorage-tour\/wohlbefinden\/","title":{"rendered":"Wohlbefinden"},"content":{"rendered":"<div class=\"wpb-content-wrapper\"><p>[vc_row][vc_column width=&#8220;1\/12&#8243;][\/vc_column][vc_column width=&#8220;5\/6&#8243;]<div class=\"clearboth\"><\/div><style>#thegem-divider-69f49baa69258 {margin-top: 130px !important;}<\/style><div id=\"thegem-divider-69f49baa69258\" class=\"gem-divider  \" style=\"\" ><\/div>[vc_column_text]<\/p>\n<h3><span class=\"VIiyi\" lang=\"de\"><span class=\"JLqJ4b ChMk0b\" data-language-for-alternatives=\"de\" data-language-to-translate-into=\"en\" data-phrase-index=\"0\">Wohlbefinden<\/span><\/span> <span class=\"light\">| THE ANCHORAGE<\/span><\/h3>\n<p>[\/vc_column_text]<div class=\"clearboth\"><\/div><style>#thegem-divider-69f49baa6929f {margin-top: 50px !important;}<\/style><div id=\"thegem-divider-69f49baa6929f\" class=\"gem-divider  \" style=\"\" ><\/div>[vc_column_text]Gesundheit und Gl\u00fcck basieren auf einem ausgeglichenen Lebensstil. Alles hierzu erforderliche ist in The Anchorage vorhanden. Das Spa, das Fitnessstudio, Yogakurse und zahlreiche Sportaktivit\u00e4ten erm\u00f6glichen Ihr ein t\u00e4gliches Wohlbefinden, da Sie sich grossartig f\u00fchlen, wenn Sie Ihrer Gesundheit etwas Gutes tun.[\/vc_column_text]<div class=\"clearboth\"><\/div><style>#thegem-divider-69f49baa69304 {margin-top: 25px !important;}<\/style><div id=\"thegem-divider-69f49baa69304\" class=\"gem-divider  \" style=\"\" ><\/div>[\/vc_column][vc_column width=&#8220;1\/12&#8243;][\/vc_column][\/vc_row][vc_row full_width=&#8220;stretch_row&#8220; content_placement=&#8220;top&#8220; css=&#8220;.vc_custom_1606931795676{margin-bottom: 0px !important;background-color: rgba(255,255,255,0.5) !important;*background-color: rgb(255,255,255) !important;}&#8220;][vc_column width=&#8220;1\/12&#8243;][\/vc_column][vc_column width=&#8220;5\/6&#8243;]<style>.gem-gallery-grid#style-69f49baa6b595 .gallery-item { padding: calc(15px\/2) !important; }.gem-gallery-grid#style-69f49baa6b595 .gallery-set { margin-top: calc(-15px\/2); margin-bottom: calc(-15px\/2); }.gem-gallery-grid#style-69f49baa6b595 .not-fullwidth-block .gallery-set, .gem-gallery-grid#style-69f49baa6b595 .not-fullwidth-block .portfolio-item-size-container { margin-left: calc(-15px\/2); margin-right: calc(-15px\/2); }.gem-gallery-grid#style-69f49baa6b595 .fullwidth-block { padding-left: calc(15px\/2); padding-right: calc(15px\/2); }.gem-gallery-grid#style-69f49baa6b595 .portfolio-filters { text-align: center }<\/style><div id=\"style-preloader-69f49baa6b595\" class=\"preloader save-space\"><div class=\"preloader-spin\"><\/div><\/div> <div class=\"gallery-preloader-wrapper\"> <div class=\"row\"> <div id=\"style-69f49baa6b595\" class=\"gem-gallery-grid col-lg-12 col-md-12 col-sm-12 gallery-style-metro hover-default loading-animation item-animation-move-up metro columns-3 columns-tablet-2 columns-mobile-1 without-padding metro-item-style-default \" data-hover=\"default\" data-uid=\"69f49baa6b595\" data-filter=\"[]\"> <div class=\"portfolio not-fullwidth-block \"> <ul class=\"gallery-set clearfix\" data-max-row-height=\"380\"> <li class=\"gallery-item gallery-0 col-xs-12 col-sm-6 col-md-4 item-animations-not-inited single-icon post-17032 page type-page status-publish\" style=\"\"> <div class=\"wrap gem-wrapbox-style-default\"> <div class=\"overlay-wrap\"> <div class=\"image-wrap \"> <picture> <source srcset=\"https:\/\/www.theanchorage.es\/wp-content\/uploads\/2026\/01\/wellbeing-7-thegem-portfolio-metro.jpg 1x\" sizes=\"100vw\"> <img src=\"https:\/\/www.theanchorage.es\/wp-content\/uploads\/2026\/01\/wellbeing-7-thegem-portfolio-metro.jpg\" width=\"608\" height=\"500\" class=\"attachment-thegem-portfolio-metro\" alt=\"wellbeing-7\" \/> <\/picture> <\/div> <div class=\"overlay \"> <div class=\"overlay-circle\"><\/div> <a href=\"https:\/\/www.theanchorage.es\/wp-content\/uploads\/2026\/01\/wellbeing-7.jpg\" class=\"gallery-item-link fancy-gallery\" data-fancybox=\"gallery-69f49baa6b595\" aria-label=\"Fullsize Image: wellbeing-7\"> <span class=\"slide-info\"> <\/span> <\/a> <div class=\"overlay-content\"> <div class=\"overlay-content-center\"> <div class=\"overlay-content-inner\"> <a href=\"https:\/\/www.theanchorage.es\/wp-content\/uploads\/2026\/01\/wellbeing-7.jpg\" class=\"icon photo \" aria-label=\"Fullsize Image: wellbeing-7\"> <\/a> <div class=\"overlay-line\"><\/div> <\/div> <\/div> <\/div> <\/div> <\/div> <\/div> <\/li> <li class=\"gallery-item gallery-0 col-xs-12 col-sm-6 col-md-4 item-animations-not-inited single-icon post-17032 page type-page status-publish\" style=\"\"> <div class=\"wrap gem-wrapbox-style-default\"> <div class=\"overlay-wrap\"> <div class=\"image-wrap \"> <picture> <source srcset=\"https:\/\/www.theanchorage.es\/wp-content\/uploads\/2026\/01\/wellbeing-1-thegem-portfolio-metro.jpg 1x\" sizes=\"100vw\"> <img src=\"https:\/\/www.theanchorage.es\/wp-content\/uploads\/2026\/01\/wellbeing-1-thegem-portfolio-metro.jpg\" width=\"380\" height=\"500\" class=\"attachment-thegem-portfolio-metro\" alt=\"wellbeing-1\" \/> <\/picture> <\/div> <div class=\"overlay \"> <div class=\"overlay-circle\"><\/div> <a href=\"https:\/\/www.theanchorage.es\/wp-content\/uploads\/2026\/01\/wellbeing-1.jpg\" class=\"gallery-item-link fancy-gallery\" data-fancybox=\"gallery-69f49baa6b595\" aria-label=\"Fullsize Image: wellbeing-1\"> <span class=\"slide-info\"> <\/span> <\/a> <div class=\"overlay-content\"> <div class=\"overlay-content-center\"> <div class=\"overlay-content-inner\"> <a href=\"https:\/\/www.theanchorage.es\/wp-content\/uploads\/2026\/01\/wellbeing-1.jpg\" class=\"icon photo \" aria-label=\"Fullsize Image: wellbeing-1\"> <\/a> <div class=\"overlay-line\"><\/div> <\/div> <\/div> <\/div> <\/div> <\/div> <\/div> <\/li> <li class=\"gallery-item gallery-0 col-xs-12 col-sm-6 col-md-4 item-animations-not-inited single-icon post-17032 page type-page status-publish\" style=\"\"> <div class=\"wrap gem-wrapbox-style-default\"> <div class=\"overlay-wrap\"> <div class=\"image-wrap \"> <picture> <source srcset=\"https:\/\/www.theanchorage.es\/wp-content\/uploads\/2026\/01\/wellbeing-thegem-portfolio-metro.jpg 1x\" sizes=\"100vw\"> <img src=\"https:\/\/www.theanchorage.es\/wp-content\/uploads\/2026\/01\/wellbeing-thegem-portfolio-metro.jpg\" width=\"698\" height=\"500\" class=\"attachment-thegem-portfolio-metro\" alt=\"wellbeing\" \/> <\/picture> <\/div> <div class=\"overlay \"> <div class=\"overlay-circle\"><\/div> <a href=\"https:\/\/www.theanchorage.es\/wp-content\/uploads\/2026\/01\/wellbeing.jpg\" class=\"gallery-item-link fancy-gallery\" data-fancybox=\"gallery-69f49baa6b595\" aria-label=\"Fullsize Image: wellbeing\"> <span class=\"slide-info\"> <\/span> <\/a> <div class=\"overlay-content\"> <div class=\"overlay-content-center\"> <div class=\"overlay-content-inner\"> <a href=\"https:\/\/www.theanchorage.es\/wp-content\/uploads\/2026\/01\/wellbeing.jpg\" class=\"icon photo \" aria-label=\"Fullsize Image: wellbeing\"> <\/a> <div class=\"overlay-line\"><\/div> <\/div> <\/div> <\/div> <\/div> <\/div> <\/div> <\/li> <li class=\"gallery-item gallery-0 col-xs-12 col-sm-6 col-md-4 item-animations-not-inited single-icon post-17032 page type-page status-publish\" style=\"\"> <div class=\"wrap gem-wrapbox-style-default\"> <div class=\"overlay-wrap\"> <div class=\"image-wrap \"> <picture> <source srcset=\"https:\/\/www.theanchorage.es\/wp-content\/uploads\/2026\/01\/wellbeing-9-thegem-portfolio-metro.jpg 1x\" sizes=\"100vw\"> <img src=\"https:\/\/www.theanchorage.es\/wp-content\/uploads\/2026\/01\/wellbeing-9-thegem-portfolio-metro.jpg\" width=\"663\" height=\"500\" class=\"attachment-thegem-portfolio-metro\" alt=\"wellbeing-9\" \/> <\/picture> <\/div> <div class=\"overlay \"> <div class=\"overlay-circle\"><\/div> <a href=\"https:\/\/www.theanchorage.es\/wp-content\/uploads\/2026\/01\/wellbeing-9.jpg\" class=\"gallery-item-link fancy-gallery\" data-fancybox=\"gallery-69f49baa6b595\" aria-label=\"Fullsize Image: wellbeing-9\"> <span class=\"slide-info\"> <\/span> <\/a> <div class=\"overlay-content\"> <div class=\"overlay-content-center\"> <div class=\"overlay-content-inner\"> <a href=\"https:\/\/www.theanchorage.es\/wp-content\/uploads\/2026\/01\/wellbeing-9.jpg\" class=\"icon photo \" aria-label=\"Fullsize Image: wellbeing-9\"> <\/a> <div class=\"overlay-line\"><\/div> <\/div> <\/div> <\/div> <\/div> <\/div> <\/div> <\/li> <li class=\"gallery-item gallery-0 col-xs-12 col-sm-6 col-md-4 item-animations-not-inited single-icon post-17032 page type-page status-publish\" style=\"\"> <div class=\"wrap gem-wrapbox-style-default\"> <div class=\"overlay-wrap\"> <div class=\"image-wrap \"> <picture> <source srcset=\"https:\/\/www.theanchorage.es\/wp-content\/uploads\/2026\/01\/wellbeing-5-thegem-portfolio-metro.jpg 1x\" sizes=\"100vw\"> <img src=\"https:\/\/www.theanchorage.es\/wp-content\/uploads\/2026\/01\/wellbeing-5-thegem-portfolio-metro.jpg\" width=\"667\" height=\"500\" class=\"attachment-thegem-portfolio-metro\" alt=\"wellbeing-5\" \/> <\/picture> <\/div> <div class=\"overlay \"> <div class=\"overlay-circle\"><\/div> <a href=\"https:\/\/www.theanchorage.es\/wp-content\/uploads\/2026\/01\/wellbeing-5.jpg\" class=\"gallery-item-link fancy-gallery\" data-fancybox=\"gallery-69f49baa6b595\" aria-label=\"Fullsize Image: wellbeing-5\"> <span class=\"slide-info\"> <\/span> <\/a> <div class=\"overlay-content\"> <div class=\"overlay-content-center\"> <div class=\"overlay-content-inner\"> <a href=\"https:\/\/www.theanchorage.es\/wp-content\/uploads\/2026\/01\/wellbeing-5.jpg\" class=\"icon photo \" aria-label=\"Fullsize Image: wellbeing-5\"> <\/a> <div class=\"overlay-line\"><\/div> <\/div> <\/div> <\/div> <\/div> <\/div> <\/div> <\/li> <li class=\"gallery-item gallery-0 col-xs-12 col-sm-6 col-md-4 item-animations-not-inited single-icon post-17032 page type-page status-publish\" style=\"\"> <div class=\"wrap gem-wrapbox-style-default\"> <div class=\"overlay-wrap\"> <div class=\"image-wrap \"> <picture> <source srcset=\"https:\/\/www.theanchorage.es\/wp-content\/uploads\/2026\/01\/wellbeing-6-thegem-portfolio-metro.jpg 1x\" sizes=\"100vw\"> <img src=\"https:\/\/www.theanchorage.es\/wp-content\/uploads\/2026\/01\/wellbeing-6-thegem-portfolio-metro.jpg\" width=\"667\" height=\"500\" class=\"attachment-thegem-portfolio-metro\" alt=\"wellbeing-6\" \/> <\/picture> <\/div> <div class=\"overlay \"> <div class=\"overlay-circle\"><\/div> <a href=\"https:\/\/www.theanchorage.es\/wp-content\/uploads\/2026\/01\/wellbeing-6.jpg\" class=\"gallery-item-link fancy-gallery\" data-fancybox=\"gallery-69f49baa6b595\" aria-label=\"Fullsize Image: wellbeing-6\"> <span class=\"slide-info\"> <\/span> <\/a> <div class=\"overlay-content\"> <div class=\"overlay-content-center\"> <div class=\"overlay-content-inner\"> <a href=\"https:\/\/www.theanchorage.es\/wp-content\/uploads\/2026\/01\/wellbeing-6.jpg\" class=\"icon photo \" aria-label=\"Fullsize Image: wellbeing-6\"> <\/a> <div class=\"overlay-line\"><\/div> <\/div> <\/div> <\/div> <\/div> <\/div> <\/div> <\/li> <li class=\"gallery-item gallery-0 col-xs-12 col-sm-6 col-md-4 item-animations-not-inited single-icon post-17032 page type-page status-publish\" style=\"\"> <div class=\"wrap gem-wrapbox-style-default\"> <div class=\"overlay-wrap\"> <div class=\"image-wrap \"> <picture> <source srcset=\"https:\/\/www.theanchorage.es\/wp-content\/uploads\/2014\/03\/vistaAnchorage13-thegem-portfolio-metro.jpg 1x\" sizes=\"100vw\"> <img src=\"https:\/\/www.theanchorage.es\/wp-content\/uploads\/2014\/03\/vistaAnchorage13-thegem-portfolio-metro.jpg\" width=\"753\" height=\"500\" class=\"attachment-thegem-portfolio-metro\" alt=\"vistaAnchorage13\" \/> <\/picture> <\/div> <div class=\"overlay \"> <div class=\"overlay-circle\"><\/div> <a href=\"https:\/\/www.theanchorage.es\/wp-content\/uploads\/2014\/03\/vistaAnchorage13.jpg\" class=\"gallery-item-link fancy-gallery\" data-fancybox=\"gallery-69f49baa6b595\" aria-label=\"Fullsize Image: vistaAnchorage13\"> <span class=\"slide-info\"> <\/span> <\/a> <div class=\"overlay-content\"> <div class=\"overlay-content-center\"> <div class=\"overlay-content-inner\"> <a href=\"https:\/\/www.theanchorage.es\/wp-content\/uploads\/2014\/03\/vistaAnchorage13.jpg\" class=\"icon photo \" aria-label=\"Fullsize Image: vistaAnchorage13\"> <\/a> <div class=\"overlay-line\"><\/div> <\/div> <\/div> <\/div> <\/div> <\/div> <\/div> <\/li> <li class=\"gallery-item gallery-0 col-xs-12 col-sm-6 col-md-4 item-animations-not-inited single-icon post-17032 page type-page status-publish\" style=\"\"> <div class=\"wrap gem-wrapbox-style-default\"> <div class=\"overlay-wrap\"> <div class=\"image-wrap \"> <picture> <source srcset=\"https:\/\/www.theanchorage.es\/wp-content\/uploads\/2014\/03\/vistaAnchorage14-thegem-portfolio-metro.jpg 1x\" sizes=\"100vw\"> <img src=\"https:\/\/www.theanchorage.es\/wp-content\/uploads\/2014\/03\/vistaAnchorage14-thegem-portfolio-metro.jpg\" width=\"753\" height=\"500\" class=\"attachment-thegem-portfolio-metro\" alt=\"vistaAnchorage14\" \/> <\/picture> <\/div> <div class=\"overlay \"> <div class=\"overlay-circle\"><\/div> <a href=\"https:\/\/www.theanchorage.es\/wp-content\/uploads\/2014\/03\/vistaAnchorage14.jpg\" class=\"gallery-item-link fancy-gallery\" data-fancybox=\"gallery-69f49baa6b595\" aria-label=\"Fullsize Image: vistaAnchorage14\"> <span class=\"slide-info\"> <\/span> <\/a> <div class=\"overlay-content\"> <div class=\"overlay-content-center\"> <div class=\"overlay-content-inner\"> <a href=\"https:\/\/www.theanchorage.es\/wp-content\/uploads\/2014\/03\/vistaAnchorage14.jpg\" class=\"icon photo \" aria-label=\"Fullsize Image: vistaAnchorage14\"> <\/a> <div class=\"overlay-line\"><\/div> <\/div> <\/div> <\/div> <\/div> <\/div> <\/div> <\/li> <li class=\"gallery-item gallery-0 col-xs-12 col-sm-6 col-md-4 item-animations-not-inited single-icon post-17032 page type-page status-publish\" style=\"\"> <div class=\"wrap gem-wrapbox-style-default\"> <div class=\"overlay-wrap\"> <div class=\"image-wrap \"> <picture> <source srcset=\"https:\/\/www.theanchorage.es\/wp-content\/uploads\/2019\/05\/PHOTO-2019-04-02-15-41-11-thegem-portfolio-metro.jpg 1x\" sizes=\"100vw\"> <img src=\"https:\/\/www.theanchorage.es\/wp-content\/uploads\/2019\/05\/PHOTO-2019-04-02-15-41-11-thegem-portfolio-metro.jpg\" width=\"667\" height=\"500\" class=\"attachment-thegem-portfolio-metro\" alt=\"PHOTO-2019-04-02-15-41-11\" \/> <\/picture> <\/div> <div class=\"overlay \"> <div class=\"overlay-circle\"><\/div> <a href=\"https:\/\/www.theanchorage.es\/wp-content\/uploads\/2019\/05\/PHOTO-2019-04-02-15-41-11.jpg\" class=\"gallery-item-link fancy-gallery\" data-fancybox=\"gallery-69f49baa6b595\" aria-label=\"Fullsize Image: PHOTO-2019-04-02-15-41-11\"> <span class=\"slide-info\"> <\/span> <\/a> <div class=\"overlay-content\"> <div class=\"overlay-content-center\"> <div class=\"overlay-content-inner\"> <a href=\"https:\/\/www.theanchorage.es\/wp-content\/uploads\/2019\/05\/PHOTO-2019-04-02-15-41-11.jpg\" class=\"icon photo \" aria-label=\"Fullsize Image: PHOTO-2019-04-02-15-41-11\"> <\/a> <div class=\"overlay-line\"><\/div> <\/div> <\/div> <\/div> <\/div> <\/div> <\/div> <\/li> <li class=\"gallery-item gallery-0 col-xs-12 col-sm-6 col-md-4 item-animations-not-inited single-icon post-17032 page type-page status-publish\" style=\"\"> <div class=\"wrap gem-wrapbox-style-default\"> <div class=\"overlay-wrap\"> <div class=\"image-wrap \"> <picture> <source srcset=\"https:\/\/www.theanchorage.es\/wp-content\/uploads\/2019\/05\/PHOTO-2019-04-02-15-41-12-thegem-portfolio-metro.jpg 1x\" sizes=\"100vw\"> <img src=\"https:\/\/www.theanchorage.es\/wp-content\/uploads\/2019\/05\/PHOTO-2019-04-02-15-41-12-thegem-portfolio-metro.jpg\" width=\"667\" height=\"500\" class=\"attachment-thegem-portfolio-metro\" alt=\"PHOTO-2019-04-02-15-41-12\" \/> <\/picture> <\/div> <div class=\"overlay \"> <div class=\"overlay-circle\"><\/div> <a href=\"https:\/\/www.theanchorage.es\/wp-content\/uploads\/2019\/05\/PHOTO-2019-04-02-15-41-12.jpg\" class=\"gallery-item-link fancy-gallery\" data-fancybox=\"gallery-69f49baa6b595\" aria-label=\"Fullsize Image: PHOTO-2019-04-02-15-41-12\"> <span class=\"slide-info\"> <\/span> <\/a> <div class=\"overlay-content\"> <div class=\"overlay-content-center\"> <div class=\"overlay-content-inner\"> <a href=\"https:\/\/www.theanchorage.es\/wp-content\/uploads\/2019\/05\/PHOTO-2019-04-02-15-41-12.jpg\" class=\"icon photo \" aria-label=\"Fullsize Image: PHOTO-2019-04-02-15-41-12\"> <\/a> <div class=\"overlay-line\"><\/div> <\/div> <\/div> <\/div> <\/div> <\/div> <\/div> <\/li> <li class=\"gallery-item gallery-0 col-xs-12 col-sm-6 col-md-4 item-animations-not-inited single-icon post-17032 page type-page status-publish\" style=\"\"> <div class=\"wrap gem-wrapbox-style-default\"> <div class=\"overlay-wrap\"> <div class=\"image-wrap \"> <picture> <source srcset=\"https:\/\/www.theanchorage.es\/wp-content\/uploads\/2026\/01\/wellbeing-2-thegem-portfolio-metro.jpg 1x\" sizes=\"100vw\"> <img src=\"https:\/\/www.theanchorage.es\/wp-content\/uploads\/2026\/01\/wellbeing-2-thegem-portfolio-metro.jpg\" width=\"857\" height=\"500\" class=\"attachment-thegem-portfolio-metro\" alt=\"wellbeing-2\" \/> <\/picture> <\/div> <div class=\"overlay \"> <div class=\"overlay-circle\"><\/div> <a href=\"https:\/\/www.theanchorage.es\/wp-content\/uploads\/2026\/01\/wellbeing-2.jpg\" class=\"gallery-item-link fancy-gallery\" data-fancybox=\"gallery-69f49baa6b595\" aria-label=\"Fullsize Image: wellbeing-2\"> <span class=\"slide-info\"> <\/span> <\/a> <div class=\"overlay-content\"> <div class=\"overlay-content-center\"> <div class=\"overlay-content-inner\"> <a href=\"https:\/\/www.theanchorage.es\/wp-content\/uploads\/2026\/01\/wellbeing-2.jpg\" class=\"icon photo \" aria-label=\"Fullsize Image: wellbeing-2\"> <\/a> <div class=\"overlay-line\"><\/div> <\/div> <\/div> <\/div> <\/div> <\/div> <\/div> <\/li> <li class=\"gallery-item gallery-0 col-xs-12 col-sm-6 col-md-4 item-animations-not-inited single-icon post-17032 page type-page status-publish\" style=\"\"> <div class=\"wrap gem-wrapbox-style-default\"> <div class=\"overlay-wrap\"> <div class=\"image-wrap \"> <picture> <source srcset=\"https:\/\/www.theanchorage.es\/wp-content\/uploads\/2026\/01\/wellbeing-3-thegem-portfolio-metro.jpg 1x\" sizes=\"100vw\"> <img src=\"https:\/\/www.theanchorage.es\/wp-content\/uploads\/2026\/01\/wellbeing-3-thegem-portfolio-metro.jpg\" width=\"667\" height=\"500\" class=\"attachment-thegem-portfolio-metro\" alt=\"wellbeing-3\" \/> <\/picture> <\/div> <div class=\"overlay \"> <div class=\"overlay-circle\"><\/div> <a href=\"https:\/\/www.theanchorage.es\/wp-content\/uploads\/2026\/01\/wellbeing-3.jpg\" class=\"gallery-item-link fancy-gallery\" data-fancybox=\"gallery-69f49baa6b595\" aria-label=\"Fullsize Image: wellbeing-3\"> <span class=\"slide-info\"> <\/span> <\/a> <div class=\"overlay-content\"> <div class=\"overlay-content-center\"> <div class=\"overlay-content-inner\"> <a href=\"https:\/\/www.theanchorage.es\/wp-content\/uploads\/2026\/01\/wellbeing-3.jpg\" class=\"icon photo \" aria-label=\"Fullsize Image: wellbeing-3\"> <\/a> <div class=\"overlay-line\"><\/div> <\/div> <\/div> <\/div> <\/div> <\/div> <\/div> <\/li> <li class=\"gallery-item gallery-0 col-xs-12 col-sm-6 col-md-4 item-animations-not-inited single-icon post-17032 page type-page status-publish\" style=\"\"> <div class=\"wrap gem-wrapbox-style-default\"> <div class=\"overlay-wrap\"> <div class=\"image-wrap \"> <picture> <source srcset=\"https:\/\/www.theanchorage.es\/wp-content\/uploads\/2026\/01\/wellbeing-4-thegem-portfolio-metro.jpg 1x\" sizes=\"100vw\"> <img src=\"https:\/\/www.theanchorage.es\/wp-content\/uploads\/2026\/01\/wellbeing-4-thegem-portfolio-metro.jpg\" width=\"890\" height=\"500\" class=\"attachment-thegem-portfolio-metro\" alt=\"wellbeing-4\" \/> <\/picture> <\/div> <div class=\"overlay \"> <div class=\"overlay-circle\"><\/div> <a href=\"https:\/\/www.theanchorage.es\/wp-content\/uploads\/2026\/01\/wellbeing-4.jpg\" class=\"gallery-item-link fancy-gallery\" data-fancybox=\"gallery-69f49baa6b595\" aria-label=\"Fullsize Image: wellbeing-4\"> <span class=\"slide-info\"> <\/span> <\/a> <div class=\"overlay-content\"> <div class=\"overlay-content-center\"> <div class=\"overlay-content-inner\"> <a href=\"https:\/\/www.theanchorage.es\/wp-content\/uploads\/2026\/01\/wellbeing-4.jpg\" class=\"icon photo \" aria-label=\"Fullsize Image: wellbeing-4\"> <\/a> <div class=\"overlay-line\"><\/div> <\/div> <\/div> <\/div> <\/div> <\/div> <\/div> <\/li> <li class=\"gallery-item gallery-0 col-xs-12 col-sm-6 col-md-4 item-animations-not-inited single-icon post-17032 page type-page status-publish\" style=\"\"> <div class=\"wrap gem-wrapbox-style-default\"> <div class=\"overlay-wrap\"> <div class=\"image-wrap \"> <picture> <source srcset=\"https:\/\/www.theanchorage.es\/wp-content\/uploads\/2026\/01\/wellbeing-8-thegem-portfolio-metro.jpg 1x\" sizes=\"100vw\"> <img src=\"https:\/\/www.theanchorage.es\/wp-content\/uploads\/2026\/01\/wellbeing-8-thegem-portfolio-metro.jpg\" width=\"666\" height=\"500\" class=\"attachment-thegem-portfolio-metro\" alt=\"wellbeing-8\" \/> <\/picture> <\/div> <div class=\"overlay \"> <div class=\"overlay-circle\"><\/div> <a href=\"https:\/\/www.theanchorage.es\/wp-content\/uploads\/2026\/01\/wellbeing-8.jpg\" class=\"gallery-item-link fancy-gallery\" data-fancybox=\"gallery-69f49baa6b595\" aria-label=\"Fullsize Image: wellbeing-8\"> <span class=\"slide-info\"> <\/span> <\/a> <div class=\"overlay-content\"> <div class=\"overlay-content-center\"> <div class=\"overlay-content-inner\"> <a href=\"https:\/\/www.theanchorage.es\/wp-content\/uploads\/2026\/01\/wellbeing-8.jpg\" class=\"icon photo \" aria-label=\"Fullsize Image: wellbeing-8\"> <\/a> <div class=\"overlay-line\"><\/div> <\/div> <\/div> <\/div> <\/div> <\/div> <\/div> <\/li> <\/ul> <div class=\"portfolio-item-size-container\"> <li class=\"gallery-item size-item col-xs-12 col-sm-6 col-md-4 post-17032 page type-page status-publish\" style=\"\"> <\/li> <\/div> <\/div> <\/div> <\/div> <\/div>[\/vc_column][vc_column width=&#8220;1\/12&#8243;][\/vc_column][\/vc_row][vc_row el_class=&#8220;wellness&#8220;][vc_column]<div class=\"clearboth\"><\/div><style>#thegem-divider-69f49baa781ae {margin-top: 100px !important;}<\/style><div id=\"thegem-divider-69f49baa781ae\" class=\"gem-divider  \" style=\"\" ><\/div>[\/vc_column][\/vc_row]<\/p>\n<div style=\"margin: 20px 0;\"><div class=\"qrcswholewtapper\" style=\"text-align:left;\"><div class=\"qrcprowrapper\"  id=\"qrcwraa2leds\"><div class=\"qrc_canvass\" id=\"qrc_cuttenpages_2\" style=\"display:none\" data-text=\"https:\/\/www.theanchorage.es\/de\/anchorage-tour\/wohlbefinden\/\"><\/div><\/div><\/div><\/div><\/div>","protected":false},"excerpt":{"rendered":"<p>[vc_row][vc_column width=&#8220;1\/12&#8243;][\/vc_column][vc_column width=&#8220;5\/6&#8243;][vc_column_text] Wohlbefinden | THE ANCHORAGE [\/vc_column_text][vc_column_text]Gesundheit und Gl\u00fcck basieren auf einem ausgeglichenen Lebensstil. Alles hierzu erforderliche ist in&#8230;<\/p>\n","protected":false},"author":1,"featured_media":0,"parent":15781,"menu_order":2,"comment_status":"closed","ping_status":"closed","template":"","meta":{"_joinchat":[],"footnotes":"","_links_to":"","_links_to_target":""},"class_list":["post-17032","page","type-page","status-publish"],"_links":{"self":[{"href":"https:\/\/www.theanchorage.es\/de\/wp-json\/wp\/v2\/pages\/17032","targetHints":{"allow":["GET"]}}],"collection":[{"href":"https:\/\/www.theanchorage.es\/de\/wp-json\/wp\/v2\/pages"}],"about":[{"href":"https:\/\/www.theanchorage.es\/de\/wp-json\/wp\/v2\/types\/page"}],"author":[{"embeddable":true,"href":"https:\/\/www.theanchorage.es\/de\/wp-json\/wp\/v2\/users\/1"}],"replies":[{"embeddable":true,"href":"https:\/\/www.theanchorage.es\/de\/wp-json\/wp\/v2\/comments?post=17032"}],"version-history":[{"count":2,"href":"https:\/\/www.theanchorage.es\/de\/wp-json\/wp\/v2\/pages\/17032\/revisions"}],"predecessor-version":[{"id":46620,"href":"https:\/\/www.theanchorage.es\/de\/wp-json\/wp\/v2\/pages\/17032\/revisions\/46620"}],"up":[{"embeddable":true,"href":"https:\/\/www.theanchorage.es\/de\/wp-json\/wp\/v2\/pages\/15781"}],"wp:attachment":[{"href":"https:\/\/www.theanchorage.es\/de\/wp-json\/wp\/v2\/media?parent=17032"}],"curies":[{"name":"wp","href":"https:\/\/api.w.org\/{rel}","templated":true}]}}