{"id":15618,"date":"2020-11-18T12:20:28","date_gmt":"2020-11-18T12:20:28","guid":{"rendered":"https:\/\/www.theanchorage.es\/?page_id=15618"},"modified":"2026-04-30T10:22:06","modified_gmt":"2026-04-30T10:22:06","slug":"restaurant-bar-strandbar","status":"publish","type":"page","link":"https:\/\/www.theanchorage.es\/de\/eigentuemer-bereich\/the-anchorage-services\/restaurant-bar-strandbar\/","title":{"rendered":"Restaurant, Bar &#038; Strandbar"},"content":{"rendered":"<div class=\"wpb-content-wrapper\"><p>[vc_row el_id=&#8220;contents&#8220;][vc_column width=&#8220;1\/12&#8243;][\/vc_column][vc_column width=&#8220;5\/6&#8243;]<div class=\"clearboth\"><\/div><style>#thegem-divider-69f48f44447a5 {margin-top: 80px !important;}<\/style><div id=\"thegem-divider-69f48f44447a5\" class=\"gem-divider  \" style=\"\" ><\/div>[vc_column_text]<\/p>\n<h3>Restaurant, Bar &amp; Strandbar <span class=\"light\">| THE ANCHORAGE<\/span><\/h3>\n<p>[\/vc_column_text]<div class=\"clearboth\"><\/div><style>#thegem-divider-69f48f4444807 {margin-top: 60px !important;}<\/style><div id=\"thegem-divider-69f48f4444807\" class=\"gem-divider  \" style=\"\" ><\/div>[vc_row_inner equal_height=&#8220;yes&#8220; content_placement=&#8220;top&#8220; css=&#8220;.vc_custom_1777541336345{margin-right: 0px !important;margin-left: 0px !important;}&#8220;][vc_column_inner][vc_single_image image=&#8220;47492&#8243; img_size=&#8220;medium&#8220; alignment=&#8220;center&#8220; css=&#8220;&#8220;]<div class=\"clearboth\"><\/div><style>#thegem-divider-69f48f4444845 {margin-top: 60px !important;}<\/style><div id=\"thegem-divider-69f48f4444845\" class=\"gem-divider  \" style=\"\" ><\/div>[\/vc_column_inner][vc_column_inner width=&#8220;1\/2&#8243;][vc_column_text css=&#8220;&#8220;]<\/p>\n<p style=\"text-align: justify;\">Das Bismarque Restaurant befindet sich an der Terrasse des Anchorage neben dem Infinity pool und bietet Blick \u00fcber das gl\u00e4nzende Mittelmeer. Am Abend tanzen Lichter durch die Pinien ges\u00e4umte K\u00fcste und der Pool wird zu einem magischen Ort, um in entspannter Atmosph\u00e4re leger internationale K\u00fcche zu geniessen.<\/p>\n<p style=\"text-align: justify;\">Das Restaurant ist zum Mittag- und Abendessen auf der Terrasse ge\u00f6ffnet. Neben einer vielseitigen Karte gibt es t\u00e4glich wechselnde Empfehlungen. Bitte reservieren.<\/p>\n<p>[\/vc_column_text]<div class=\"clearboth\"><\/div><style>#thegem-divider-69f48f4444889 {margin-top: 32px !important;}<\/style><div id=\"thegem-divider-69f48f4444889\" class=\"gem-divider  \" style=\"\" ><\/div>[vc_column_text css=&#8220;&#8220;]<\/p>\n<h6>Reservierungen<\/h6>\n<p>[\/vc_column_text]<div class=\" gem-icon-with-title  gem-icon-with-title-icon-size-small\" ><div class=\"gem-icon-with-title-icon\"><div class=\"gem-icon gem-icon-pack-fontawesome gem-icon-size-small  gem-icon-shape-square gem-simple-icon \"  style=\"opacity: 1;\"><div class=\"gem-icon-inner\" style=\"\"><span class=\"gem-icon-half-1\" style=\"color: ;\"><span class=\"back-angle\">&#xf095;<\/span><\/span><span class=\"gem-icon-half-2\" style=\"\"><span class=\"back-angle\">&#xf095;<\/span><\/span><\/div><\/div><\/div><div class=\"gem-iconed-title\"><h6 style=\"\">+34 696 318 985<\/h6><\/div><\/div><div class=\" gem-icon-with-title  gem-icon-with-title-icon-size-small\" ><div class=\"gem-icon-with-title-icon\"><div class=\"gem-icon gem-icon-pack-fontawesome gem-icon-size-small  gem-icon-shape-square gem-simple-icon \"  style=\"opacity: 1;\"><div class=\"gem-icon-inner\" style=\"\"><span class=\"gem-icon-half-1\" style=\"color: ;\"><span class=\"back-angle\">&#xf003;<\/span><\/span><span class=\"gem-icon-half-2\" style=\"\"><span class=\"back-angle\">&#xf003;<\/span><\/span><\/div><\/div><\/div><div class=\"gem-iconed-title\"><h6 style=\"\">reservas@restaurantanchorage.es<\/h6><\/div><\/div><div class=\"clearboth\"><\/div><style>#thegem-divider-69f48f4444a8b {margin-top: 32px !important;}<\/style><div id=\"thegem-divider-69f48f4444a8b\" class=\"gem-divider  \" style=\"\" ><\/div>[\/vc_column_inner][vc_column_inner width=&#8220;1\/2&#8243;][vc_column_text css=&#8220;&#8220;]<\/p>\n<h6>\u00d6ffnungszeiten im Mai \/\u00a0<span class=\"light\">vom 01. bis 28.<\/span><\/h6>\n<ul>\n<li><strong>Restaurant<\/strong>: 13:00\u201315:30 Uhr und 19:00\u201321:00 Uhr<\/li>\n<li><strong>Bar<\/strong>: 12:00\u201322:00 Uhr<\/li>\n<li><strong>Sonntags<\/strong> und <strong>montags<\/strong> geschlossen<\/li>\n<\/ul>\n<h6>Er\u00f6ffnung von El Chiringuito \/\u00a0<span class=\"light\">29. Mai<\/span><\/h6>\n<ul>\n<li><strong>Fr\u00fchst\u00fcck<\/strong>: 9:00\u201312:00 Uhr<\/li>\n<li><strong>Mittagessen\/Liegest\u00fchle<\/strong> 12:00\u201317:00 Uhr<\/li>\n<li><strong>Tapas und Snacks im El Chiringuito<\/strong> 17:00\u201322:00 Uhr<\/li>\n<li><strong>Abendessen im Anchorage Restaurant by Schwaiger<\/strong> 19:00\u201322:00 Uhr<\/li>\n<\/ul>\n<p>[\/vc_column_text]<div class=\"clearboth\"><\/div><style>#thegem-divider-69f48f4444ac7 {margin-top: 32px !important;}<\/style><div id=\"thegem-divider-69f48f4444ac7\" class=\"gem-divider  \" style=\"\" ><\/div>[\/vc_column_inner][vc_column_inner css=&#8220;.vc_custom_1777541577432{border-top-width: 1px !important;border-top-style: dotted !important;border-color: #000000 !important;}&#8220;][vc_column_text css=&#8220;&#8220;]<strong>Senden Sie Ihr Feedback an<\/strong>: feedback@theanchorage.es[\/vc_column_text][\/vc_column_inner][\/vc_row_inner]<div class=\"clearboth\"><\/div><style>#thegem-divider-69f48f4444afa {margin-top: 60px !important;}<\/style><div id=\"thegem-divider-69f48f4444afa\" class=\"gem-divider  \" style=\"\" ><\/div>[vc_row_inner equal_height=&#8220;yes&#8220; content_placement=&#8220;middle&#8220;][vc_column_inner]<style type=\"text\/css\">.thegem-button-69f48f4444bba880 .gem-button {margin-top: 10px;margin-bottom: 10px;}@media (max-width: 992px) {.thegem-button-69f48f4444bba880 .gem-button {margin-top: 10px;margin-bottom: 10px;}}@media (max-width: 767px) {.thegem-button-69f48f4444bba880 .gem-button {margin-top: 10px;margin-bottom: 10px;}}.thegem-button-69f48f4444bba880 .gem-button svg {fill: #ffffff;}.thegem-button-69f48f4444bba880 .gem-button:hover svg {fill: #7b661a;}<\/style><div class=\"gem-button-container gem-button-position-fullwidth thegem-button-69f48f4444bba880    \"  ><a class=\"gem-button gem-button-size-medium gem-button-style-flat gem-button-text-weight-thin gem-button-icon-position-left\" data-ll-effect=\"drop-right-without-wrap\" style=\"border-radius: 0px;background-color: #7b661a;color: #ffffff;\" onmouseleave=\"this.style.backgroundColor='#7b661a';this.style.color='#ffffff';\" onmouseenter=\"this.style.backgroundColor='#182d56';this.style.color='#7b661a';\" href=\"https:\/\/www.theanchorage.es\/wp-content\/uploads\/2026\/03\/Carta-Menu-Anchorage-web.pdf\" target=\"_blank\"><i class=\"gem-print-icon gem-icon-pack-elegant \">&#xe101;<\/i>Men\u00fc ansehen<\/a><\/div> [\/vc_column_inner][vc_column_inner width=&#8220;1\/2&#8243;]<style type=\"text\/css\">.thegem-button-69f48f4444c78598 .gem-button {margin-top: 10px;margin-bottom: 10px;}@media (max-width: 992px) {.thegem-button-69f48f4444c78598 .gem-button {margin-top: 10px;margin-bottom: 10px;}}@media (max-width: 767px) {.thegem-button-69f48f4444c78598 .gem-button {margin-top: 10px;margin-bottom: 10px;}}.thegem-button-69f48f4444c78598 .gem-button svg {fill: #ffffff;}.thegem-button-69f48f4444c78598 .gem-button:hover svg {fill: #7b661a;}<\/style><div class=\"gem-button-container gem-button-position-fullwidth thegem-button-69f48f4444c78598    \"  ><a class=\"gem-button gem-button-size-medium gem-button-style-flat gem-button-text-weight-thin gem-button-icon-position-left\" data-ll-effect=\"drop-right-without-wrap\" style=\"border-radius: 0px;background-color: #7b661a;color: #ffffff;\" onmouseleave=\"this.style.backgroundColor='#7b661a';this.style.color='#ffffff';\" onmouseenter=\"this.style.backgroundColor='#182d56';this.style.color='#7b661a';\" href=\"https:\/\/www.theanchorage.es\/wp-content\/uploads\/2026\/03\/Carta-POSTRE-Anchorage-Web.pdf\" target=\"_blank\"><i class=\"gem-print-icon gem-icon-pack-elegant \">&#xe101;<\/i>Dessertkarte ansehen<\/a><\/div> <style type=\"text\/css\">.thegem-button-69f48f4444d2e9193 .gem-button {margin-top: 10px;margin-bottom: 10px;}@media (max-width: 992px) {.thegem-button-69f48f4444d2e9193 .gem-button {margin-top: 10px;margin-bottom: 10px;}}@media (max-width: 767px) {.thegem-button-69f48f4444d2e9193 .gem-button {margin-top: 10px;margin-bottom: 10px;}}.thegem-button-69f48f4444d2e9193 .gem-button svg {fill: #ffffff;}.thegem-button-69f48f4444d2e9193 .gem-button:hover svg {fill: #7b661a;}<\/style><div class=\"gem-button-container gem-button-position-fullwidth thegem-button-69f48f4444d2e9193    \"  ><a class=\"gem-button gem-button-size-medium gem-button-style-flat gem-button-text-weight-thin gem-button-icon-position-left\" data-ll-effect=\"drop-right-without-wrap\" style=\"border-radius: 0px;background-color: #7b661a;color: #ffffff;\" onmouseleave=\"this.style.backgroundColor='#7b661a';this.style.color='#ffffff';\" onmouseenter=\"this.style.backgroundColor='#182d56';this.style.color='#7b661a';\" href=\"https:\/\/www.theanchorage.es\/wp-content\/uploads\/2026\/04\/Carta-NINOS-Anchorage.pdf\" target=\"_blank\"><i class=\"gem-print-icon gem-icon-pack-elegant \">&#xe101;<\/i>Kindermen\u00fc anzeigen<\/a><\/div> [\/vc_column_inner][vc_column_inner width=&#8220;1\/2&#8243;]<style type=\"text\/css\">.thegem-button-69f48f4444dc84742 .gem-button {margin-top: 10px;margin-bottom: 10px;}@media (max-width: 992px) {.thegem-button-69f48f4444dc84742 .gem-button {margin-top: 10px;margin-bottom: 10px;}}@media (max-width: 767px) {.thegem-button-69f48f4444dc84742 .gem-button {margin-top: 10px;margin-bottom: 10px;}}.thegem-button-69f48f4444dc84742 .gem-button svg {fill: #ffffff;}.thegem-button-69f48f4444dc84742 .gem-button:hover svg {fill: #7b661a;}<\/style><div class=\"gem-button-container gem-button-position-fullwidth thegem-button-69f48f4444dc84742    \"  ><a class=\"gem-button gem-button-size-medium gem-button-style-flat gem-button-text-weight-thin gem-button-icon-position-left\" data-ll-effect=\"drop-right-without-wrap\" style=\"border-radius: 0px;background-color: #7b661a;color: #ffffff;\" onmouseleave=\"this.style.backgroundColor='#7b661a';this.style.color='#ffffff';\" onmouseenter=\"this.style.backgroundColor='#182d56';this.style.color='#7b661a';\" href=\"https:\/\/www.theanchorage.es\/wp-content\/uploads\/2026\/03\/Carta-BEBIDAS-Anchorage-Web.pdf\" target=\"_blank\"><i class=\"gem-print-icon gem-icon-pack-elegant \">&#xe101;<\/i>Getr\u00e4nkekarte ansehen<\/a><\/div> <style type=\"text\/css\">.thegem-button-69f48f4444e588195 .gem-button {margin-top: 10px;margin-bottom: 10px;}@media (max-width: 992px) {.thegem-button-69f48f4444e588195 .gem-button {margin-top: 10px;margin-bottom: 10px;}}@media (max-width: 767px) {.thegem-button-69f48f4444e588195 .gem-button {margin-top: 10px;margin-bottom: 10px;}}.thegem-button-69f48f4444e588195 .gem-button svg {fill: #ffffff;}.thegem-button-69f48f4444e588195 .gem-button:hover svg {fill: #7b661a;}<\/style><div class=\"gem-button-container gem-button-position-fullwidth thegem-button-69f48f4444e588195    \"  ><a class=\"gem-button gem-button-size-medium gem-button-style-flat gem-button-text-weight-thin gem-button-icon-position-left\" data-ll-effect=\"drop-right-without-wrap\" style=\"border-radius: 0px;background-color: #7b661a;color: #ffffff;\" onmouseleave=\"this.style.backgroundColor='#7b661a';this.style.color='#ffffff';\" onmouseenter=\"this.style.backgroundColor='#182d56';this.style.color='#7b661a';\" href=\"https:\/\/www.theanchorage.es\/wp-content\/uploads\/2026\/03\/Carta-VINOS-Anchorage-Web.pdf\" target=\"_blank\"><i class=\"gem-print-icon gem-icon-pack-elegant \">&#xe101;<\/i>Weinkarte ansehen<\/a><\/div> [\/vc_column_inner][\/vc_row_inner]<div class=\"clearboth\"><\/div><style>#thegem-divider-69f48f4444ea2 {margin-top: 40px !important;}<\/style><div id=\"thegem-divider-69f48f4444ea2\" class=\"gem-divider  \" style=\"\" ><\/div>[\/vc_column][vc_column width=&#8220;1\/12&#8243;][\/vc_column][\/vc_row][vc_row full_width=&#8220;stretch_row&#8220; content_placement=&#8220;top&#8220; css=&#8220;.vc_custom_1610969025817{margin-top: 0px !important;background-color: rgba(255,255,255,0.5) !important;*background-color: rgb(255,255,255) !important;}&#8220;][vc_column width=&#8220;1\/12&#8243;][\/vc_column][vc_column width=&#8220;5\/6&#8243;][vc_row_inner css=&#8220;.vc_custom_1610969149706{margin-top: -30px !important;margin-right: 0px !important;margin-left: 0px !important;padding-top: 10px !important;padding-right: 10px !important;padding-bottom: 15px !important;padding-left: 10px !important;background-color: #def0f5 !important;}&#8220;][vc_column_inner width=&#8220;1\/2&#8243;][vc_column_text]<\/p>\n<ul>\n<li>Badebekleidung bitte nur bis 17Uhr<\/li>\n<li>Der Pool soll nach 20 Uhr nicht mehr benutzt werden<\/li>\n<li>Bitte nehmen Sie R\u00fccksicht auf diejenigen, die in diesem Bereich wohnen, indem Sie die Lautst\u00e4rke ab 22 Uhr reduzieren.<\/li>\n<\/ul>\n<p>[\/vc_column_text][\/vc_column_inner][vc_column_inner width=&#8220;1\/2&#8243;][vc_column_text css=&#8220;&#8220;]<\/p>\n<ul>\n<li>Rauchen ist im Restaurantinneren nicht erlaubt<\/li>\n<li>Bitte benutzen Sie die Restauranttische nicht als B\u00fcro und sehen Sie von lauten Telefonaten ab.<\/li>\n<\/ul>\n<p>[\/vc_column_text][\/vc_column_inner][\/vc_row_inner][\/vc_column][vc_column width=&#8220;1\/12&#8243;][\/vc_column][\/vc_row][vc_row full_width=&#8220;stretch_row&#8220; content_placement=&#8220;top&#8220; css=&#8220;.vc_custom_1610968413961{background-color: rgba(255,255,255,0.5) !important;*background-color: rgb(255,255,255) !important;}&#8220;][vc_column width=&#8220;1\/12&#8243;][\/vc_column][vc_column width=&#8220;5\/6&#8243;]<style>.gem-gallery-grid#style-69f48f4445405 .gallery-item { padding: calc(15px\/2) !important; }.gem-gallery-grid#style-69f48f4445405 .gallery-set { margin-top: calc(-15px\/2); margin-bottom: calc(-15px\/2); }.gem-gallery-grid#style-69f48f4445405 .not-fullwidth-block .gallery-set, .gem-gallery-grid#style-69f48f4445405 .not-fullwidth-block .portfolio-item-size-container { margin-left: calc(-15px\/2); margin-right: calc(-15px\/2); }.gem-gallery-grid#style-69f48f4445405 .fullwidth-block { padding-left: calc(15px\/2); padding-right: calc(15px\/2); }.gem-gallery-grid#style-69f48f4445405 .portfolio-filters { text-align: center }<\/style><div id=\"style-preloader-69f48f4445405\" class=\"preloader save-space\"><div class=\"preloader-spin\"><\/div><\/div> <div class=\"gallery-preloader-wrapper\"> <div class=\"row\"> <div id=\"style-69f48f4445405\" class=\"gem-gallery-grid col-lg-12 col-md-12 col-sm-12 gallery-style-metro hover-default loading-animation item-animation-move-up metro columns-3 columns-tablet-2 columns-mobile-1 without-padding metro-item-style-default \" data-hover=\"default\" data-uid=\"69f48f4445405\" data-filter=\"[]\"> <div class=\"portfolio not-fullwidth-block \"> <ul class=\"gallery-set clearfix\" data-max-row-height=\"380\"> <li class=\"gallery-item gallery-0 col-xs-12 col-sm-6 col-md-4 item-animations-not-inited single-icon post-15618 page type-page status-publish has-post-thumbnail\" style=\"\"> <div class=\"wrap gem-wrapbox-style-default\"> <div class=\"overlay-wrap\"> <div class=\"image-wrap \"> <picture> <source srcset=\"https:\/\/www.theanchorage.es\/wp-content\/uploads\/2026\/01\/beach-bar-thegem-portfolio-metro.jpg 1x\" sizes=\"100vw\"> <img src=\"https:\/\/www.theanchorage.es\/wp-content\/uploads\/2026\/01\/beach-bar-thegem-portfolio-metro.jpg\" width=\"375\" height=\"500\" class=\"attachment-thegem-portfolio-metro\" alt=\"beach-bar\" \/> <\/picture> <\/div> <div class=\"overlay \"> <div class=\"overlay-circle\"><\/div> <a href=\"https:\/\/www.theanchorage.es\/wp-content\/uploads\/2026\/01\/beach-bar.jpg\" class=\"gallery-item-link fancy-gallery\" data-fancybox=\"gallery-69f48f4445405\" aria-label=\"Fullsize Image: beach-bar\"> <span class=\"slide-info\"> <\/span> <\/a> <div class=\"overlay-content\"> <div class=\"overlay-content-center\"> <div class=\"overlay-content-inner\"> <a href=\"https:\/\/www.theanchorage.es\/wp-content\/uploads\/2026\/01\/beach-bar.jpg\" class=\"icon photo \" aria-label=\"Fullsize Image: beach-bar\"> <\/a> <div class=\"overlay-line\"><\/div> <\/div> <\/div> <\/div> <\/div> <\/div> <\/div> <\/li> <li class=\"gallery-item gallery-0 col-xs-12 col-sm-6 col-md-4 item-animations-not-inited single-icon post-15618 page type-page status-publish has-post-thumbnail\" style=\"\"> <div class=\"wrap gem-wrapbox-style-default\"> <div class=\"overlay-wrap\"> <div class=\"image-wrap \"> <picture> <source srcset=\"https:\/\/www.theanchorage.es\/wp-content\/uploads\/2026\/01\/beach-bar-2-scaled-thegem-portfolio-metro.jpg 1x\" sizes=\"100vw\"> <img src=\"https:\/\/www.theanchorage.es\/wp-content\/uploads\/2026\/01\/beach-bar-2-scaled-thegem-portfolio-metro.jpg\" width=\"281\" height=\"500\" class=\"attachment-thegem-portfolio-metro\" alt=\"beach-bar-2\" \/> <\/picture> <\/div> <div class=\"overlay \"> <div class=\"overlay-circle\"><\/div> <a href=\"https:\/\/www.theanchorage.es\/wp-content\/uploads\/2026\/01\/beach-bar-2-scaled.jpg\" class=\"gallery-item-link fancy-gallery\" data-fancybox=\"gallery-69f48f4445405\" aria-label=\"Fullsize Image: beach-bar-2\"> <span class=\"slide-info\"> <\/span> <\/a> <div class=\"overlay-content\"> <div class=\"overlay-content-center\"> <div class=\"overlay-content-inner\"> <a href=\"https:\/\/www.theanchorage.es\/wp-content\/uploads\/2026\/01\/beach-bar-2-scaled.jpg\" class=\"icon photo \" aria-label=\"Fullsize Image: beach-bar-2\"> <\/a> <div class=\"overlay-line\"><\/div> <\/div> <\/div> <\/div> <\/div> <\/div> <\/div> <\/li> <li class=\"gallery-item gallery-0 col-xs-12 col-sm-6 col-md-4 item-animations-not-inited single-icon post-15618 page type-page status-publish has-post-thumbnail\" style=\"\"> <div class=\"wrap gem-wrapbox-style-default\"> <div class=\"overlay-wrap\"> <div class=\"image-wrap \"> <picture> <source srcset=\"https:\/\/www.theanchorage.es\/wp-content\/uploads\/2026\/01\/beach-bar-3-thegem-portfolio-metro.jpg 1x\" sizes=\"100vw\"> <img src=\"https:\/\/www.theanchorage.es\/wp-content\/uploads\/2026\/01\/beach-bar-3-thegem-portfolio-metro.jpg\" width=\"667\" height=\"500\" class=\"attachment-thegem-portfolio-metro\" alt=\"beach-bar-3\" \/> <\/picture> <\/div> <div class=\"overlay \"> <div class=\"overlay-circle\"><\/div> <a href=\"https:\/\/www.theanchorage.es\/wp-content\/uploads\/2026\/01\/beach-bar-3.jpg\" class=\"gallery-item-link fancy-gallery\" data-fancybox=\"gallery-69f48f4445405\" aria-label=\"Fullsize Image: beach-bar-3\"> <span class=\"slide-info\"> <\/span> <\/a> <div class=\"overlay-content\"> <div class=\"overlay-content-center\"> <div class=\"overlay-content-inner\"> <a href=\"https:\/\/www.theanchorage.es\/wp-content\/uploads\/2026\/01\/beach-bar-3.jpg\" class=\"icon photo \" aria-label=\"Fullsize Image: beach-bar-3\"> <\/a> <div class=\"overlay-line\"><\/div> <\/div> <\/div> <\/div> <\/div> <\/div> <\/div> <\/li> <li class=\"gallery-item gallery-0 col-xs-12 col-sm-6 col-md-4 item-animations-not-inited single-icon post-15618 page type-page status-publish has-post-thumbnail\" style=\"\"> <div class=\"wrap gem-wrapbox-style-default\"> <div class=\"overlay-wrap\"> <div class=\"image-wrap \"> <picture> <source srcset=\"https:\/\/www.theanchorage.es\/wp-content\/uploads\/2026\/01\/beach-bar-4-thegem-portfolio-metro.jpg 1x\" sizes=\"100vw\"> <img src=\"https:\/\/www.theanchorage.es\/wp-content\/uploads\/2026\/01\/beach-bar-4-thegem-portfolio-metro.jpg\" width=\"373\" height=\"500\" class=\"attachment-thegem-portfolio-metro\" alt=\"beach-bar-4\" \/> <\/picture> <\/div> <div class=\"overlay \"> <div class=\"overlay-circle\"><\/div> <a href=\"https:\/\/www.theanchorage.es\/wp-content\/uploads\/2026\/01\/beach-bar-4.jpg\" class=\"gallery-item-link fancy-gallery\" data-fancybox=\"gallery-69f48f4445405\" aria-label=\"Fullsize Image: beach-bar-4\"> <span class=\"slide-info\"> <\/span> <\/a> <div class=\"overlay-content\"> <div class=\"overlay-content-center\"> <div class=\"overlay-content-inner\"> <a href=\"https:\/\/www.theanchorage.es\/wp-content\/uploads\/2026\/01\/beach-bar-4.jpg\" class=\"icon photo \" aria-label=\"Fullsize Image: beach-bar-4\"> <\/a> <div class=\"overlay-line\"><\/div> <\/div> <\/div> <\/div> <\/div> <\/div> <\/div> <\/li> <li class=\"gallery-item gallery-0 col-xs-12 col-sm-6 col-md-4 item-animations-not-inited single-icon post-15618 page type-page status-publish has-post-thumbnail\" style=\"\"> <div class=\"wrap gem-wrapbox-style-default\"> <div class=\"overlay-wrap\"> <div class=\"image-wrap \"> <picture> <source srcset=\"https:\/\/www.theanchorage.es\/wp-content\/uploads\/2026\/01\/beach-bar-5-thegem-portfolio-metro.jpg 1x\" sizes=\"100vw\"> <img src=\"https:\/\/www.theanchorage.es\/wp-content\/uploads\/2026\/01\/beach-bar-5-thegem-portfolio-metro.jpg\" width=\"375\" height=\"500\" class=\"attachment-thegem-portfolio-metro\" alt=\"beach-bar-5\" \/> <\/picture> <\/div> <div class=\"overlay \"> <div class=\"overlay-circle\"><\/div> <a href=\"https:\/\/www.theanchorage.es\/wp-content\/uploads\/2026\/01\/beach-bar-5.jpg\" class=\"gallery-item-link fancy-gallery\" data-fancybox=\"gallery-69f48f4445405\" aria-label=\"Fullsize Image: beach-bar-5\"> <span class=\"slide-info\"> <\/span> <\/a> <div class=\"overlay-content\"> <div class=\"overlay-content-center\"> <div class=\"overlay-content-inner\"> <a href=\"https:\/\/www.theanchorage.es\/wp-content\/uploads\/2026\/01\/beach-bar-5.jpg\" class=\"icon photo \" aria-label=\"Fullsize Image: beach-bar-5\"> <\/a> <div class=\"overlay-line\"><\/div> <\/div> <\/div> <\/div> <\/div> <\/div> <\/div> <\/li> <li class=\"gallery-item gallery-0 col-xs-12 col-sm-6 col-md-4 item-animations-not-inited single-icon post-15618 page type-page status-publish has-post-thumbnail\" style=\"\"> <div class=\"wrap gem-wrapbox-style-default\"> <div class=\"overlay-wrap\"> <div class=\"image-wrap \"> <picture> <source srcset=\"https:\/\/www.theanchorage.es\/wp-content\/uploads\/2026\/01\/beach-bar-6-thegem-portfolio-metro.jpg 1x\" sizes=\"100vw\"> <img src=\"https:\/\/www.theanchorage.es\/wp-content\/uploads\/2026\/01\/beach-bar-6-thegem-portfolio-metro.jpg\" width=\"662\" height=\"500\" class=\"attachment-thegem-portfolio-metro\" alt=\"beach-bar-6\" \/> <\/picture> <\/div> <div class=\"overlay \"> <div class=\"overlay-circle\"><\/div> <a href=\"https:\/\/www.theanchorage.es\/wp-content\/uploads\/2026\/01\/beach-bar-6.jpg\" class=\"gallery-item-link fancy-gallery\" data-fancybox=\"gallery-69f48f4445405\" aria-label=\"Fullsize Image: beach-bar-6\"> <span class=\"slide-info\"> <\/span> <\/a> <div class=\"overlay-content\"> <div class=\"overlay-content-center\"> <div class=\"overlay-content-inner\"> <a href=\"https:\/\/www.theanchorage.es\/wp-content\/uploads\/2026\/01\/beach-bar-6.jpg\" class=\"icon photo \" aria-label=\"Fullsize Image: beach-bar-6\"> <\/a> <div class=\"overlay-line\"><\/div> <\/div> <\/div> <\/div> <\/div> <\/div> <\/div> <\/li> <li class=\"gallery-item gallery-0 col-xs-12 col-sm-6 col-md-4 item-animations-not-inited single-icon post-15618 page type-page status-publish has-post-thumbnail\" style=\"\"> <div class=\"wrap gem-wrapbox-style-default\"> <div class=\"overlay-wrap\"> <div class=\"image-wrap \"> <picture> <source srcset=\"https:\/\/www.theanchorage.es\/wp-content\/uploads\/2026\/01\/beach-bar-7-thegem-portfolio-metro.jpg 1x\" sizes=\"100vw\"> <img src=\"https:\/\/www.theanchorage.es\/wp-content\/uploads\/2026\/01\/beach-bar-7-thegem-portfolio-metro.jpg\" width=\"892\" height=\"500\" class=\"attachment-thegem-portfolio-metro\" alt=\"beach-bar-7\" \/> <\/picture> <\/div> <div class=\"overlay \"> <div class=\"overlay-circle\"><\/div> <a href=\"https:\/\/www.theanchorage.es\/wp-content\/uploads\/2026\/01\/beach-bar-7.jpg\" class=\"gallery-item-link fancy-gallery\" data-fancybox=\"gallery-69f48f4445405\" aria-label=\"Fullsize Image: beach-bar-7\"> <span class=\"slide-info\"> <\/span> <\/a> <div class=\"overlay-content\"> <div class=\"overlay-content-center\"> <div class=\"overlay-content-inner\"> <a href=\"https:\/\/www.theanchorage.es\/wp-content\/uploads\/2026\/01\/beach-bar-7.jpg\" class=\"icon photo \" aria-label=\"Fullsize Image: beach-bar-7\"> <\/a> <div class=\"overlay-line\"><\/div> <\/div> <\/div> <\/div> <\/div> <\/div> <\/div> <\/li> <\/ul> <div class=\"portfolio-item-size-container\"> <li class=\"gallery-item size-item col-xs-12 col-sm-6 col-md-4 post-15618 page type-page status-publish has-post-thumbnail\" style=\"\"> <\/li> <\/div> <\/div> <\/div> <\/div> <\/div>[\/vc_column][vc_column width=&#8220;1\/12&#8243;][\/vc_column][\/vc_row][vc_row el_class=&#8220;wellness&#8220;][vc_column]<div class=\"clearboth\"><\/div><style>#thegem-divider-69f48f4449286 {margin-top: 100px !important;}<\/style><div id=\"thegem-divider-69f48f4449286\" class=\"gem-divider  \" style=\"\" ><\/div>[\/vc_column][\/vc_row]<\/p>\n<div style=\"margin: 20px 0;\"><div class=\"qrcswholewtapper\" style=\"text-align:left;\"><div class=\"qrcprowrapper\"  id=\"qrcwraa2leds\"><div class=\"qrc_canvass\" id=\"qrc_cuttenpages_2\" style=\"display:none\" data-text=\"https:\/\/www.theanchorage.es\/de\/eigentuemer-bereich\/the-anchorage-services\/restaurant-bar-strandbar\/\"><\/div><\/div><\/div><\/div><\/div>","protected":false},"excerpt":{"rendered":"<p>[vc_row el_id=&#8220;contents&#8220;][vc_column width=&#8220;1\/12&#8243;][\/vc_column][vc_column width=&#8220;5\/6&#8243;][vc_column_text] Restaurant, Bar &amp; Strandbar | THE ANCHORAGE [\/vc_column_text][vc_row_inner equal_height=&#8220;yes&#8220; content_placement=&#8220;top&#8220; css=&#8220;.vc_custom_1777541336345{margin-right: 0px !important;margin-left: 0px !important;}&#8220;][vc_column_inner][vc_single_image image=&#8220;47492&#8243;&#8230;<\/p>\n","protected":false},"author":1,"featured_media":10337,"parent":13826,"menu_order":2,"comment_status":"closed","ping_status":"closed","template":"","meta":{"_joinchat":{"telephone":"+34696318985","message_text":"Hallo, ich ben\u00f6tige weitere Informationen zu {TITLE} {URL}","message_send":"Hallo, ich ben\u00f6tige weitere Informationen zu {TITLE} {URL}","view":"yes"},"footnotes":"","_links_to":"","_links_to_target":""},"class_list":["post-15618","page","type-page","status-publish","has-post-thumbnail"],"_links":{"self":[{"href":"https:\/\/www.theanchorage.es\/de\/wp-json\/wp\/v2\/pages\/15618","targetHints":{"allow":["GET"]}}],"collection":[{"href":"https:\/\/www.theanchorage.es\/de\/wp-json\/wp\/v2\/pages"}],"about":[{"href":"https:\/\/www.theanchorage.es\/de\/wp-json\/wp\/v2\/types\/page"}],"author":[{"embeddable":true,"href":"https:\/\/www.theanchorage.es\/de\/wp-json\/wp\/v2\/users\/1"}],"replies":[{"embeddable":true,"href":"https:\/\/www.theanchorage.es\/de\/wp-json\/wp\/v2\/comments?post=15618"}],"version-history":[{"count":16,"href":"https:\/\/www.theanchorage.es\/de\/wp-json\/wp\/v2\/pages\/15618\/revisions"}],"predecessor-version":[{"id":47513,"href":"https:\/\/www.theanchorage.es\/de\/wp-json\/wp\/v2\/pages\/15618\/revisions\/47513"}],"up":[{"embeddable":true,"href":"https:\/\/www.theanchorage.es\/de\/wp-json\/wp\/v2\/pages\/13826"}],"wp:featuredmedia":[{"embeddable":true,"href":"https:\/\/www.theanchorage.es\/de\/wp-json\/wp\/v2\/media\/10337"}],"wp:attachment":[{"href":"https:\/\/www.theanchorage.es\/de\/wp-json\/wp\/v2\/media?parent=15618"}],"curies":[{"name":"wp","href":"https:\/\/api.w.org\/{rel}","templated":true}]}}